{"id":928,"date":"2018-01-20T14:22:33","date_gmt":"2018-01-20T14:22:33","guid":{"rendered":"http:\/\/simeplast.pl\/?post_type=product&#038;p=928"},"modified":"2018-01-20T14:30:37","modified_gmt":"2018-01-20T14:30:37","slug":"sadpal","status":"publish","type":"product","link":"https:\/\/simeplast.pl\/?product=sadpal","title":{"rendered":"Sadpal"},"content":{"rendered":"","protected":false},"excerpt":{"rendered":"<div class=\"woocommerce-product-details__short-description\">\n<h3>Katalizator do spalania sadzy<\/h3>\n<p>Sadpal jest zielonym proszkiem \u2013 mieszanin\u0105 soli nieorganicznych, kt\u00f3re w temperaturze powy\u017cej 600 stopni C ulegaj\u0105 rozk\u0142adowi na substancje posiadaj\u0105ce w\u0142a\u015bciwo\u015bci katalityczne.<\/p>\n<p>Stosowanie Sadpal-u ogranicza:<\/p>\n<ul style=\"list-style-type: square;\">\n<li>potrzeb\u0119 mechanicznego czyszczenia kot\u0142\u00f3w i komink\u00f3w z sadzy, z\u0142og\u00f3w<\/li>\n<li>zu\u017cycie w\u0119gla<\/li>\n<li>cz\u0119stotliwo\u015b\u0107 zapalenia si\u0119 sadzy w kominach<\/li>\n<li>emisj\u0119 tlenku w\u0119gla do atmosfery<\/li>\n<li>wy\u017csze w\u0119glowodory aromatyczne WWA typu 3,4 benzopirenu<\/li>\n<li>emisj\u0119 siarki do atmosfery<\/li>\n<li>szybko\u015b\u0107 korozji stalowych materia\u0142\u00f3w konstrukcyjnych palenisk rusztowych kot\u0142a i instalacji odprowadzaj\u0105cych spaliny<\/li>\n<\/ul>\n<p class=\"alignnone size-full wp-image-317\">\n<\/div>\n","protected":false},"featured_media":853,"template":"","meta":[],"product_cat":[32],"product_tag":[],"_links":{"self":[{"href":"https:\/\/simeplast.pl\/index.php?rest_route=\/wp\/v2\/product\/928"}],"collection":[{"href":"https:\/\/simeplast.pl\/index.php?rest_route=\/wp\/v2\/product"}],"about":[{"href":"https:\/\/simeplast.pl\/index.php?rest_route=\/wp\/v2\/types\/product"}],"wp:featuredmedia":[{"embeddable":true,"href":"https:\/\/simeplast.pl\/index.php?rest_route=\/wp\/v2\/media\/853"}],"wp:attachment":[{"href":"https:\/\/simeplast.pl\/index.php?rest_route=%2Fwp%2Fv2%2Fmedia&parent=928"}],"wp:term":[{"taxonomy":"product_cat","embeddable":true,"href":"https:\/\/simeplast.pl\/index.php?rest_route=%2Fwp%2Fv2%2Fproduct_cat&post=928"},{"taxonomy":"product_tag","embeddable":true,"href":"https:\/\/simeplast.pl\/index.php?rest_route=%2Fwp%2Fv2%2Fproduct_tag&post=928"}],"curies":[{"name":"wp","href":"https:\/\/api.w.org\/{rel}","templated":true}]}}