{"id":921,"date":"2018-01-20T13:27:19","date_gmt":"2018-01-20T13:27:19","guid":{"rendered":"http:\/\/simeplast.pl\/?post_type=product&#038;p=921"},"modified":"2024-04-15T13:49:35","modified_gmt":"2024-04-15T13:49:35","slug":"akryl-uniwersalny","status":"publish","type":"product","link":"https:\/\/simeplast.pl\/?product=akryl-uniwersalny","title":{"rendered":"Akryl Uniwersalny"},"content":{"rendered":"","protected":false},"excerpt":{"rendered":"<div class=\"woocommerce-product-details__short-description\">\n<h2><strong>Uszczelniacz budowlany<br \/>\n<\/strong><\/h2>\n<p>Akryl uniwersalny jest uszczelniaczem budowlanym stosowanym do wype\u0142niania p\u0119kni\u0119\u0107, rys i szczelin. Charakteryzuje si\u0119 doskona\u0142\u0105 przyczepno\u015bci\u0105 do wi\u0119kszo\u015bci materia\u0142\u00f3w budowlanych, takich jak: ceg\u0142a, tynk, drewno, ceramika i gips. Jest bardzo \u0142atwy w obr\u00f3bce, daje si\u0119 malowa\u0107 i jest pozbawiony zapachu.<\/p>\n<\/div>\n","protected":false},"featured_media":2087,"template":"","meta":[],"product_cat":[27],"product_tag":[],"_links":{"self":[{"href":"https:\/\/simeplast.pl\/index.php?rest_route=\/wp\/v2\/product\/921"}],"collection":[{"href":"https:\/\/simeplast.pl\/index.php?rest_route=\/wp\/v2\/product"}],"about":[{"href":"https:\/\/simeplast.pl\/index.php?rest_route=\/wp\/v2\/types\/product"}],"wp:featuredmedia":[{"embeddable":true,"href":"https:\/\/simeplast.pl\/index.php?rest_route=\/wp\/v2\/media\/2087"}],"wp:attachment":[{"href":"https:\/\/simeplast.pl\/index.php?rest_route=%2Fwp%2Fv2%2Fmedia&parent=921"}],"wp:term":[{"taxonomy":"product_cat","embeddable":true,"href":"https:\/\/simeplast.pl\/index.php?rest_route=%2Fwp%2Fv2%2Fproduct_cat&post=921"},{"taxonomy":"product_tag","embeddable":true,"href":"https:\/\/simeplast.pl\/index.php?rest_route=%2Fwp%2Fv2%2Fproduct_tag&post=921"}],"curies":[{"name":"wp","href":"https:\/\/api.w.org\/{rel}","templated":true}]}}