{"id":915,"date":"2018-01-20T13:03:48","date_gmt":"2018-01-20T13:03:48","guid":{"rendered":"http:\/\/simeplast.pl\/?post_type=product&#038;p=915"},"modified":"2024-04-15T13:51:21","modified_gmt":"2024-04-15T13:51:21","slug":"uszczelniacz-dekarski-kauczukowy","status":"publish","type":"product","link":"https:\/\/simeplast.pl\/?product=uszczelniacz-dekarski-kauczukowy","title":{"rendered":"Uszczelniacz Dekarski Kauczukowy"},"content":{"rendered":"","protected":false},"excerpt":{"rendered":"<div class=\"woocommerce-product-details__short-description\">\n<h2><strong>Kauczukowa, wysokoelastyczna masa uszczelniaj\u0105ca<br \/>\n<\/strong><\/h2>\n<p>Uszczelniacz dekarski to kauczukowa masa uszczelniaj\u0105ca o doskona\u0142ej przyczepno\u015bci do pod\u0142o\u017cy bitumicznych, betonowych, kamiennych, metalu, drewna, szk\u0142a i wi\u0119kszo\u015bci tworzyw sztucznych. Spoina po utwardzeniu mo\u017ce by\u0107 malowana, jest odporna na promieniowanie UV oraz dzia\u0142anie wody . Brak sp\u0142ywalno\u015bci umo\u017cliwia uszczelnianie pionowe. Mo\u017cna stosowa\u0107 zar\u00f3wno na suchych jak i na wilgotnych pod\u0142o\u017cach.<\/p>\n<\/div>\n","protected":false},"featured_media":2089,"template":"","meta":[],"product_cat":[27],"product_tag":[],"_links":{"self":[{"href":"https:\/\/simeplast.pl\/index.php?rest_route=\/wp\/v2\/product\/915"}],"collection":[{"href":"https:\/\/simeplast.pl\/index.php?rest_route=\/wp\/v2\/product"}],"about":[{"href":"https:\/\/simeplast.pl\/index.php?rest_route=\/wp\/v2\/types\/product"}],"wp:featuredmedia":[{"embeddable":true,"href":"https:\/\/simeplast.pl\/index.php?rest_route=\/wp\/v2\/media\/2089"}],"wp:attachment":[{"href":"https:\/\/simeplast.pl\/index.php?rest_route=%2Fwp%2Fv2%2Fmedia&parent=915"}],"wp:term":[{"taxonomy":"product_cat","embeddable":true,"href":"https:\/\/simeplast.pl\/index.php?rest_route=%2Fwp%2Fv2%2Fproduct_cat&post=915"},{"taxonomy":"product_tag","embeddable":true,"href":"https:\/\/simeplast.pl\/index.php?rest_route=%2Fwp%2Fv2%2Fproduct_tag&post=915"}],"curies":[{"name":"wp","href":"https:\/\/api.w.org\/{rel}","templated":true}]}}