{"id":909,"date":"2018-01-20T12:55:39","date_gmt":"2018-01-20T12:55:39","guid":{"rendered":"http:\/\/simeplast.pl\/?post_type=product&#038;p=909"},"modified":"2024-04-15T13:45:30","modified_gmt":"2024-04-15T13:45:30","slug":"silikon-sanitarny","status":"publish","type":"product","link":"https:\/\/simeplast.pl\/?product=silikon-sanitarny","title":{"rendered":"Silikon Sanitarny"},"content":{"rendered":"","protected":false},"excerpt":{"rendered":"<div class=\"woocommerce-product-details__short-description\">\n<h2><strong>Elastyczny uszczelniacz silikonowy do miejsc o wysokiej wilgotno\u015bci<br \/>\n<\/strong><\/h2>\n<p>Silikon sanitarny jest przeznaczony do u\u017cytku w miejscach o wysokiej wilgotno\u015bci takich jak: kuchnie, \u0142azienki, pralnie, myjnie samochodowe itd.. Doskonale przylega do wi\u0119kszo\u015bci materia\u0142\u00f3w budowlanych min.: szk\u0142a, glazury, ceramiki, drewna i tworzyw sztucznych. Wykazuje du\u017c\u0105 odporno\u015b\u0107 na promieniowanie UV, zmienne warunki atmosferyczne oraz powstawanie i rozw\u00f3j grzyb\u00f3w i ple\u015bni.<\/p>\n<\/div>\n","protected":false},"featured_media":2086,"template":"","meta":[],"product_cat":[27],"product_tag":[],"_links":{"self":[{"href":"https:\/\/simeplast.pl\/index.php?rest_route=\/wp\/v2\/product\/909"}],"collection":[{"href":"https:\/\/simeplast.pl\/index.php?rest_route=\/wp\/v2\/product"}],"about":[{"href":"https:\/\/simeplast.pl\/index.php?rest_route=\/wp\/v2\/types\/product"}],"wp:featuredmedia":[{"embeddable":true,"href":"https:\/\/simeplast.pl\/index.php?rest_route=\/wp\/v2\/media\/2086"}],"wp:attachment":[{"href":"https:\/\/simeplast.pl\/index.php?rest_route=%2Fwp%2Fv2%2Fmedia&parent=909"}],"wp:term":[{"taxonomy":"product_cat","embeddable":true,"href":"https:\/\/simeplast.pl\/index.php?rest_route=%2Fwp%2Fv2%2Fproduct_cat&post=909"},{"taxonomy":"product_tag","embeddable":true,"href":"https:\/\/simeplast.pl\/index.php?rest_route=%2Fwp%2Fv2%2Fproduct_tag&post=909"}],"curies":[{"name":"wp","href":"https:\/\/api.w.org\/{rel}","templated":true}]}}