{"id":907,"date":"2018-01-20T12:49:32","date_gmt":"2018-01-20T12:49:32","guid":{"rendered":"http:\/\/simeplast.pl\/?post_type=product&#038;p=907"},"modified":"2024-04-15T13:52:00","modified_gmt":"2024-04-15T13:52:00","slug":"silikon-uniwersalny","status":"publish","type":"product","link":"https:\/\/simeplast.pl\/?product=silikon-uniwersalny","title":{"rendered":"Silikon Uniwersalny"},"content":{"rendered":"","protected":false},"excerpt":{"rendered":"<div class=\"woocommerce-product-details__short-description\">\n<h2><strong>Elastyczny uszczelniacz silikonowy<br \/>\n<\/strong><\/h2>\n<p>Silikon Uniwersalny to elastyczny uszczelniacz silikonowy o octanowym systemie utwardzania, niekurczliwy, utwardzany wilgoci\u0105 z powietrza. Znajduje zastosowanie wewn\u0105trz i na zewn\u0105trz pomieszcze\u0144. Odporny na d\u0142ugotrwa\u0142e dzia\u0142anie wody, promieniowania UV, wysokich i niskich temperatur, \u015brodk\u00f3w czysto\u015bci, detergent\u00f3w, olej\u00f3w i t\u0142uszczy. Charakteryzuje si\u0119 bardzo dobra przyczepno\u015bci\u0105 do materia\u0142\u00f3w i pod\u0142o\u017cy spotykanych w budownictwie: szk\u0142a, glazury, terakoty, ceramiki oraz zabezpieczonym metali.<\/p>\n<\/div>\n","protected":false},"featured_media":2090,"template":"","meta":[],"product_cat":[27],"product_tag":[],"_links":{"self":[{"href":"https:\/\/simeplast.pl\/index.php?rest_route=\/wp\/v2\/product\/907"}],"collection":[{"href":"https:\/\/simeplast.pl\/index.php?rest_route=\/wp\/v2\/product"}],"about":[{"href":"https:\/\/simeplast.pl\/index.php?rest_route=\/wp\/v2\/types\/product"}],"wp:featuredmedia":[{"embeddable":true,"href":"https:\/\/simeplast.pl\/index.php?rest_route=\/wp\/v2\/media\/2090"}],"wp:attachment":[{"href":"https:\/\/simeplast.pl\/index.php?rest_route=%2Fwp%2Fv2%2Fmedia&parent=907"}],"wp:term":[{"taxonomy":"product_cat","embeddable":true,"href":"https:\/\/simeplast.pl\/index.php?rest_route=%2Fwp%2Fv2%2Fproduct_cat&post=907"},{"taxonomy":"product_tag","embeddable":true,"href":"https:\/\/simeplast.pl\/index.php?rest_route=%2Fwp%2Fv2%2Fproduct_tag&post=907"}],"curies":[{"name":"wp","href":"https:\/\/api.w.org\/{rel}","templated":true}]}}