{"id":882,"date":"2018-01-15T19:09:53","date_gmt":"2018-01-15T19:09:53","guid":{"rendered":"http:\/\/simeplast.pl\/?post_type=product&#038;p=882"},"modified":"2018-01-15T19:36:17","modified_gmt":"2018-01-15T19:36:17","slug":"piana-pistoletowa-pvc","status":"publish","type":"product","link":"https:\/\/simeplast.pl\/?product=piana-pistoletowa-pvc","title":{"rendered":"Piana Pistoletowa PVC"},"content":{"rendered":"","protected":false},"excerpt":{"rendered":"<div class=\"woocommerce-product-details__short-description\">\n<h2><strong>Piana poliuretanowa do aplikatora pistoletowego o niskiej rozpr\u0119\u017calno\u015bci<br \/>\n<\/strong><\/h2>\n<p>Profesjonalna, jednosk\u0142adnikowa, poliuretanowa piana pistoletowa charakteryzuj\u0105ca si\u0119: nisk\u0105 rozpr\u0119\u017calno\u015bci\u0105 (NISKOPR\u0118\u017bNA), doskona\u0142\u0105 przyczepno\u015bci\u0105 do wi\u0119kszo\u015bci materia\u0142\u00f3w budowlanych tj.: ceg\u0142y, betonu, kamienia, tynku, drewna, PCV, aluminium, blachy itd., kr\u00f3tkim czasem utwardzania, bardzo dobr\u0105 izolacyjno\u015bci\u0105 termiczn\u0105, wysok\u0105 wydajno\u015bci\u0105 i stabilno\u015bci\u0105 wymiar\u00f3w. Pistoletowy aplikator zapewnia najwy\u017csz\u0105 precyzj\u0119 i ekonomiczno\u015b\u0107 dozowania. Piana z powodzeniem mo\u017ce by\u0107 wykorzystywana przez ca\u0142y rok, r\u00f3wnie\u017c w okresie zimowym w temperaturze do -10\u00b0C.<\/p>\n<p>Piana ca\u0142oroczna od -10\u00b0C do +30\u00b0C.<\/p>\n<\/div>\n","protected":false},"featured_media":865,"template":"","meta":[],"product_cat":[26],"product_tag":[],"_links":{"self":[{"href":"https:\/\/simeplast.pl\/index.php?rest_route=\/wp\/v2\/product\/882"}],"collection":[{"href":"https:\/\/simeplast.pl\/index.php?rest_route=\/wp\/v2\/product"}],"about":[{"href":"https:\/\/simeplast.pl\/index.php?rest_route=\/wp\/v2\/types\/product"}],"wp:featuredmedia":[{"embeddable":true,"href":"https:\/\/simeplast.pl\/index.php?rest_route=\/wp\/v2\/media\/865"}],"wp:attachment":[{"href":"https:\/\/simeplast.pl\/index.php?rest_route=%2Fwp%2Fv2%2Fmedia&parent=882"}],"wp:term":[{"taxonomy":"product_cat","embeddable":true,"href":"https:\/\/simeplast.pl\/index.php?rest_route=%2Fwp%2Fv2%2Fproduct_cat&post=882"},{"taxonomy":"product_tag","embeddable":true,"href":"https:\/\/simeplast.pl\/index.php?rest_route=%2Fwp%2Fv2%2Fproduct_tag&post=882"}],"curies":[{"name":"wp","href":"https:\/\/api.w.org\/{rel}","templated":true}]}}