{"id":880,"date":"2018-01-15T19:06:10","date_gmt":"2018-01-15T19:06:10","guid":{"rendered":"http:\/\/simeplast.pl\/?post_type=product&#038;p=880"},"modified":"2018-01-15T19:09:27","modified_gmt":"2018-01-15T19:09:27","slug":"piana-wezykowa-pvc","status":"publish","type":"product","link":"https:\/\/simeplast.pl\/?product=piana-wezykowa-pvc","title":{"rendered":"Piana W\u0119\u017cykowa PVC"},"content":{"rendered":"","protected":false},"excerpt":{"rendered":"<div class=\"woocommerce-product-details__short-description\">\n<h2><strong>Piana poliuretanowa z aplikatorem w\u0119\u017cykowym o niskiej rozpr\u0119\u017calno\u015bci<br \/>\n<\/strong><\/h2>\n<p>Profesjonalna, jednosk\u0142adnikowa, poliuretanowa piana w\u0119\u017cykowa charakteryzuj\u0105ca si\u0119: nisk\u0105 rozpr\u0119\u017calno\u015bci\u0105 (NISKOPR\u0118\u017bNA), doskona\u0142\u0105 przyczepno\u015bci\u0105 do wi\u0119kszo\u015bci materia\u0142\u00f3w budowlanych tj.: ceg\u0142y, betonu, kamienia, tynku, drewna, PCV, aluminium, blachy itd., kr\u00f3tkim czasem utwardzania, bardzo dobr\u0105 izolacyjno\u015bci\u0105 termiczn\u0105, wysok\u0105 wydajno\u015bci\u0105 i stabilno\u015bci\u0105 wymiar\u00f3w. W\u0119\u017cykowy aplikator pozwala na u\u017cycie piany bez konieczno\u015bci posiadania specjalistycznych narz\u0119dzi. Piana z powodzeniem mo\u017ce by\u0107 wykorzystywana przez ca\u0142y rok, r\u00f3wnie\u017c w okresie zimowym w temperaturze do -10\u00b0C.<\/p>\n<p>Piana ca\u0142oroczna od -10\u00b0C do +30\u00b0C.<\/p>\n<\/div>\n","protected":false},"featured_media":861,"template":"","meta":[],"product_cat":[26],"product_tag":[],"_links":{"self":[{"href":"https:\/\/simeplast.pl\/index.php?rest_route=\/wp\/v2\/product\/880"}],"collection":[{"href":"https:\/\/simeplast.pl\/index.php?rest_route=\/wp\/v2\/product"}],"about":[{"href":"https:\/\/simeplast.pl\/index.php?rest_route=\/wp\/v2\/types\/product"}],"wp:featuredmedia":[{"embeddable":true,"href":"https:\/\/simeplast.pl\/index.php?rest_route=\/wp\/v2\/media\/861"}],"wp:attachment":[{"href":"https:\/\/simeplast.pl\/index.php?rest_route=%2Fwp%2Fv2%2Fmedia&parent=880"}],"wp:term":[{"taxonomy":"product_cat","embeddable":true,"href":"https:\/\/simeplast.pl\/index.php?rest_route=%2Fwp%2Fv2%2Fproduct_cat&post=880"},{"taxonomy":"product_tag","embeddable":true,"href":"https:\/\/simeplast.pl\/index.php?rest_route=%2Fwp%2Fv2%2Fproduct_tag&post=880"}],"curies":[{"name":"wp","href":"https:\/\/api.w.org\/{rel}","templated":true}]}}