{"id":845,"date":"2018-01-13T19:30:41","date_gmt":"2018-01-13T19:30:41","guid":{"rendered":"http:\/\/simeplast.pl\/?post_type=product&#038;p=845"},"modified":"2023-12-05T12:54:21","modified_gmt":"2023-12-05T12:54:21","slug":"deco-piaskowiec","status":"publish","type":"product","link":"https:\/\/simeplast.pl\/?product=deco-piaskowiec","title":{"rendered":"Deco-Piaskowiec"},"content":{"rendered":"","protected":false},"excerpt":{"rendered":"<div class=\"woocommerce-product-details__short-description\">\n<h2><strong>Silikonowy impregnat do piaskowca<br \/>\n<\/strong><\/h2>\n<p>DECO-PIASKOWIEC to silikonowy impregnat do zabezpieczania piaskowca, wapienia, kamienia naturalnego i ceg\u0142y przed czynnikami atmosferycznymi. Zmniejsza absorpcj\u0119 wody, podwy\u017csza mrozoodporno\u015b\u0107, nie zmienia barwy, natomiast podkre\u015bla struktur\u0119 impregnowanego materia\u0142u. Poprzez g\u0142\u0119bokie wnikanie i hydrofobizacje powierzchni zabezpiecza j\u0105 przed nadmiernym nasi\u0105kaniem wod\u0105, wp\u0142ywem czynnik\u00f3w atmosferycznych, ogranicza brudzenie i porastanie elewacji budynk\u00f3w mchem i porostami. Nie tworzy na powierzchni pow\u0142oki lakierniczej. Zaimpregnowane materia\u0142y s\u0105 bardziej odporne na procesy marzni\u0119cia i przemarzania dzi\u0119ki czemu zmniejsza si\u0119 ryzyko powstawania uszkodze\u0144 typu p\u0119kni\u0119cia i odpryski.<\/p>\n<\/div>\n","protected":false},"featured_media":1759,"template":"","meta":[],"product_cat":[25],"product_tag":[],"_links":{"self":[{"href":"https:\/\/simeplast.pl\/index.php?rest_route=\/wp\/v2\/product\/845"}],"collection":[{"href":"https:\/\/simeplast.pl\/index.php?rest_route=\/wp\/v2\/product"}],"about":[{"href":"https:\/\/simeplast.pl\/index.php?rest_route=\/wp\/v2\/types\/product"}],"wp:featuredmedia":[{"embeddable":true,"href":"https:\/\/simeplast.pl\/index.php?rest_route=\/wp\/v2\/media\/1759"}],"wp:attachment":[{"href":"https:\/\/simeplast.pl\/index.php?rest_route=%2Fwp%2Fv2%2Fmedia&parent=845"}],"wp:term":[{"taxonomy":"product_cat","embeddable":true,"href":"https:\/\/simeplast.pl\/index.php?rest_route=%2Fwp%2Fv2%2Fproduct_cat&post=845"},{"taxonomy":"product_tag","embeddable":true,"href":"https:\/\/simeplast.pl\/index.php?rest_route=%2Fwp%2Fv2%2Fproduct_tag&post=845"}],"curies":[{"name":"wp","href":"https:\/\/api.w.org\/{rel}","templated":true}]}}