{"id":843,"date":"2018-01-13T19:27:23","date_gmt":"2018-01-13T19:27:23","guid":{"rendered":"http:\/\/simeplast.pl\/?post_type=product&#038;p=843"},"modified":"2023-12-05T12:53:47","modified_gmt":"2023-12-05T12:53:47","slug":"deco-protect","status":"publish","type":"product","link":"https:\/\/simeplast.pl\/?product=deco-protect","title":{"rendered":"Deco-Protect"},"content":{"rendered":"","protected":false},"excerpt":{"rendered":"<div class=\"woocommerce-product-details__short-description\">\n<h2><strong>Silikonowy impregnat do kostki brukowej<br \/>\n<\/strong><\/h2>\n<p>DECO-PROTECT to nowoczesny silikonowy impregnat, kt\u00f3ry za spraw\u0105 zastosowania NANOTECHNOLOGII g\u0142\u0119boko i r\u00f3wnomiernie penetruje pod\u0142o\u017ce, redukuj\u0105c wnikanie wody i zwi\u0119kszaj\u0105c mrozoodporno\u015b\u0107. Ogranicza pojawienie si\u0119 wykwit\u00f3w, chroni przed wp\u0142ywem czynnik\u00f3w atmosferycznych, a tak\u017ce przed osadzaniem si\u0119 brudu i kurzu; nie zmienia kolorystyki powierzchni. Zaimpregnowane materia\u0142y s\u0105 bardziej odporne na procesy starzenia, marzni\u0119cia i przemarzania dzi\u0119ki czemu zmniejsza si\u0119 ryzyko powstawania uszkodze\u0144 typu p\u0119kni\u0119cia i odpryski.<\/p>\n<\/div>\n","protected":false},"featured_media":1758,"template":"","meta":[],"product_cat":[25],"product_tag":[],"_links":{"self":[{"href":"https:\/\/simeplast.pl\/index.php?rest_route=\/wp\/v2\/product\/843"}],"collection":[{"href":"https:\/\/simeplast.pl\/index.php?rest_route=\/wp\/v2\/product"}],"about":[{"href":"https:\/\/simeplast.pl\/index.php?rest_route=\/wp\/v2\/types\/product"}],"wp:featuredmedia":[{"embeddable":true,"href":"https:\/\/simeplast.pl\/index.php?rest_route=\/wp\/v2\/media\/1758"}],"wp:attachment":[{"href":"https:\/\/simeplast.pl\/index.php?rest_route=%2Fwp%2Fv2%2Fmedia&parent=843"}],"wp:term":[{"taxonomy":"product_cat","embeddable":true,"href":"https:\/\/simeplast.pl\/index.php?rest_route=%2Fwp%2Fv2%2Fproduct_cat&post=843"},{"taxonomy":"product_tag","embeddable":true,"href":"https:\/\/simeplast.pl\/index.php?rest_route=%2Fwp%2Fv2%2Fproduct_tag&post=843"}],"curies":[{"name":"wp","href":"https:\/\/api.w.org\/{rel}","templated":true}]}}