{"id":838,"date":"2018-01-13T19:19:16","date_gmt":"2018-01-13T19:19:16","guid":{"rendered":"http:\/\/simeplast.pl\/?post_type=product&#038;p=838"},"modified":"2020-12-23T20:42:33","modified_gmt":"2020-12-23T20:42:33","slug":"qpyl","status":"publish","type":"product","link":"https:\/\/simeplast.pl\/?product=qpyl","title":{"rendered":"PY\u0141OUSZCZELNIACZ"},"content":{"rendered":"","protected":false},"excerpt":{"rendered":"<div class=\"woocommerce-product-details__short-description\">Py\u0142ouszczelniacz to impregnat, kt\u00f3rego zadaniem jest wyd\u0142u\u017cenie czasu eksploatacji oraz poprawienie w\u0142a\u015bciwo\u015bci u\u017cytkowych powierzchni betonowych. Produkt wnika przez pory do wewn\u0105trz warstwy, a zawarte w nim krzemiany reaguj\u0105 z dwutlenkiem w\u0119gla zawartym w powietrzu, wbudowuj\u0105c si\u0119 w jego struktur\u0119 mineraln\u0105 i powoduj\u0105c wzrost wytrzyma\u0142o\u015bci. Pozosta\u0142e sk\u0142adniki zawarte w produkcie zabezpieczaj\u0105 przed wnikaniem wody do wewn\u0105trz struktury, a na zewn\u0105trz powierzchni tworz\u0105 efekt hydrofobizacji &#8211; \u201eodpychaj\u0105c\u201d wod\u0119 i pozosta\u0142e zanieczyszczenia. Produkt nie tworzy widocznej pow\u0142oki na powierzchni i ma znikomy wp\u0142yw na zmian\u0119 wygl\u0105du.<\/div>\n<div><\/div>\n<div class=\"woocommerce-product-details__short-description\">Zalety:<\/div>\n<div><\/div>\n<ul style=\"list-style-type: disc;\">\n<li class=\"woocommerce-product-details__short-description\">spaja s\u0142abe i lotne elementy pod\u0142o\u017ca &#8211; przeciwdzia\u0142a pyleniu<\/li>\n<li class=\"woocommerce-product-details__short-description\">zmniejsza wnikanie w g\u0142\u0105b powierzchni wody, olej\u00f3w i innych zanieczyszcze\u0144<\/li>\n<li class=\"woocommerce-product-details__short-description\">pozostawia przepuszczaln\u0105 dla powietrza i pary wodnej powierzchni\u0119<\/li>\n<li class=\"woocommerce-product-details__short-description\">ma niewielki wp\u0142yw na zmian\u0119 barwy<\/li>\n<li class=\"woocommerce-product-details__short-description\">tworzy na powierzchni efekt perlenia wody<\/li>\n<\/ul>\n","protected":false},"featured_media":1364,"template":"","meta":[],"product_cat":[25],"product_tag":[],"_links":{"self":[{"href":"https:\/\/simeplast.pl\/index.php?rest_route=\/wp\/v2\/product\/838"}],"collection":[{"href":"https:\/\/simeplast.pl\/index.php?rest_route=\/wp\/v2\/product"}],"about":[{"href":"https:\/\/simeplast.pl\/index.php?rest_route=\/wp\/v2\/types\/product"}],"wp:featuredmedia":[{"embeddable":true,"href":"https:\/\/simeplast.pl\/index.php?rest_route=\/wp\/v2\/media\/1364"}],"wp:attachment":[{"href":"https:\/\/simeplast.pl\/index.php?rest_route=%2Fwp%2Fv2%2Fmedia&parent=838"}],"wp:term":[{"taxonomy":"product_cat","embeddable":true,"href":"https:\/\/simeplast.pl\/index.php?rest_route=%2Fwp%2Fv2%2Fproduct_cat&post=838"},{"taxonomy":"product_tag","embeddable":true,"href":"https:\/\/simeplast.pl\/index.php?rest_route=%2Fwp%2Fv2%2Fproduct_tag&post=838"}],"curies":[{"name":"wp","href":"https:\/\/api.w.org\/{rel}","templated":true}]}}