{"id":825,"date":"2018-01-13T17:36:48","date_gmt":"2018-01-13T17:36:48","guid":{"rendered":"http:\/\/simeplast.pl\/?post_type=product&#038;p=825"},"modified":"2025-06-23T07:19:39","modified_gmt":"2025-06-23T07:19:39","slug":"deco-mech","status":"publish","type":"product","link":"https:\/\/simeplast.pl\/?product=deco-mech","title":{"rendered":"Zmywacz mch\u00f3w i porost\u00f3w"},"content":{"rendered":"","protected":false},"excerpt":{"rendered":"<div class=\"woocommerce-product-details__short-description\">\n<p>Zmywacz jest wodnym preparatem o wysokiej mocy czyszczenia, zawieraj\u0105cy \u015brodki powierzchniowo czynne wzmacniaj\u0105ce jego dzia\u0142anie. Produkt nie powoduje korozji element\u00f3w metalowych i ma niewielki wp\u0142yw na czyszczon\u0105 powierzchni\u0119<\/p>\n<\/div>\n","protected":false},"featured_media":1610,"template":"","meta":[],"product_cat":[19],"product_tag":[],"_links":{"self":[{"href":"https:\/\/simeplast.pl\/index.php?rest_route=\/wp\/v2\/product\/825"}],"collection":[{"href":"https:\/\/simeplast.pl\/index.php?rest_route=\/wp\/v2\/product"}],"about":[{"href":"https:\/\/simeplast.pl\/index.php?rest_route=\/wp\/v2\/types\/product"}],"wp:featuredmedia":[{"embeddable":true,"href":"https:\/\/simeplast.pl\/index.php?rest_route=\/wp\/v2\/media\/1610"}],"wp:attachment":[{"href":"https:\/\/simeplast.pl\/index.php?rest_route=%2Fwp%2Fv2%2Fmedia&parent=825"}],"wp:term":[{"taxonomy":"product_cat","embeddable":true,"href":"https:\/\/simeplast.pl\/index.php?rest_route=%2Fwp%2Fv2%2Fproduct_cat&post=825"},{"taxonomy":"product_tag","embeddable":true,"href":"https:\/\/simeplast.pl\/index.php?rest_route=%2Fwp%2Fv2%2Fproduct_tag&post=825"}],"curies":[{"name":"wp","href":"https:\/\/api.w.org\/{rel}","templated":true}]}}