{"id":823,"date":"2018-01-13T17:34:04","date_gmt":"2018-01-13T17:34:04","guid":{"rendered":"http:\/\/simeplast.pl\/?post_type=product&#038;p=823"},"modified":"2025-06-25T11:02:09","modified_gmt":"2025-06-25T11:02:09","slug":"deco-czyscik","status":"publish","type":"product","link":"https:\/\/simeplast.pl\/?product=deco-czyscik","title":{"rendered":"CZY\u015aCIK DO POWIERZCHNI BETONOWYCH I CERAMICZNYCH"},"content":{"rendered":"","protected":false},"excerpt":{"rendered":"<div class=\"woocommerce-product-details__short-description\">Czy\u015bcik to wysokiej jako\u015bci wodny preparat czyszcz\u0105co &#8211; odt\u0142uszczaj\u0105cy zawieraj\u0105cy sk\u0142adniki powierzchniowo czynne, charakteryzuj\u0105ce si\u0119 du\u017ca si\u0142\u0105 czyszczenia wi\u0119kszo\u015bci materia\u0142\u00f3w budowlanych. Preparat doskonale radzi sobie z najtrudniejszymi zanieczyszczeniami w tym: zabrudzenia t\u0142uszczowo-olejowe, naturalne (ptasie odchody, atmosferyczne, pozosta\u0142o\u015bci li\u015bci itd.), rdzawe zacieki, czy inne wynikaj\u0105ce z codziennej u\u017cytkowania. Czy\u015bcik r\u00f3wnie\u017c z powodzeniem mo\u017ce by\u0107 stosowany w czyszczeniu miejsc intensywnie u\u017cytkowanych (chodniki, ulice, podjazdy), w obiektach rekreacyjnych, terenach przemys\u0142owych itd.<\/div>\n","protected":false},"featured_media":1369,"template":"","meta":[],"product_cat":[19],"product_tag":[],"_links":{"self":[{"href":"https:\/\/simeplast.pl\/index.php?rest_route=\/wp\/v2\/product\/823"}],"collection":[{"href":"https:\/\/simeplast.pl\/index.php?rest_route=\/wp\/v2\/product"}],"about":[{"href":"https:\/\/simeplast.pl\/index.php?rest_route=\/wp\/v2\/types\/product"}],"wp:featuredmedia":[{"embeddable":true,"href":"https:\/\/simeplast.pl\/index.php?rest_route=\/wp\/v2\/media\/1369"}],"wp:attachment":[{"href":"https:\/\/simeplast.pl\/index.php?rest_route=%2Fwp%2Fv2%2Fmedia&parent=823"}],"wp:term":[{"taxonomy":"product_cat","embeddable":true,"href":"https:\/\/simeplast.pl\/index.php?rest_route=%2Fwp%2Fv2%2Fproduct_cat&post=823"},{"taxonomy":"product_tag","embeddable":true,"href":"https:\/\/simeplast.pl\/index.php?rest_route=%2Fwp%2Fv2%2Fproduct_tag&post=823"}],"curies":[{"name":"wp","href":"https:\/\/api.w.org\/{rel}","templated":true}]}}