{"id":821,"date":"2018-01-13T17:28:56","date_gmt":"2018-01-13T17:28:56","guid":{"rendered":"http:\/\/simeplast.pl\/?post_type=product&#038;p=821"},"modified":"2023-12-05T12:46:42","modified_gmt":"2023-12-05T12:46:42","slug":"deco-fibar","status":"publish","type":"product","link":"https:\/\/simeplast.pl\/?product=deco-fibar","title":{"rendered":"ZMYWACZ WYKWIT\u00d3W I ZABRUDZE\u0143 CEMENTOWYCH"},"content":{"rendered":"","protected":false},"excerpt":{"rendered":"<div class=\"woocommerce-product-details__short-description\">Zmywacz to p\u0142ynny \u015brodek na bazie kwas\u00f3w, przeznaczony do usuwania wykwit\u00f3w w\u0119glanowych i zabrudze\u0144 po zaprawach budowlanych z utwardzonych powierzchni (\u015bciany, kostka brukowa, ceg\u0142a klinkierowa itd.) oraz do czyszczenia narz\u0119dzi budowlanych (kielnie, \u0142opaty, betoniarki, drabiny, rusztowania itd.).<br \/>\nProdukt zalecany jest do czyszczenia powierzchni przed impregnacj\u0105 lub malowaniem, gdzie usuwaj\u0105c zanieczyszczenia uwydatniaj\u0105c struktur\u0119 powierzchni.<\/div>\n","protected":false},"featured_media":1366,"template":"","meta":[],"product_cat":[19],"product_tag":[],"_links":{"self":[{"href":"https:\/\/simeplast.pl\/index.php?rest_route=\/wp\/v2\/product\/821"}],"collection":[{"href":"https:\/\/simeplast.pl\/index.php?rest_route=\/wp\/v2\/product"}],"about":[{"href":"https:\/\/simeplast.pl\/index.php?rest_route=\/wp\/v2\/types\/product"}],"wp:featuredmedia":[{"embeddable":true,"href":"https:\/\/simeplast.pl\/index.php?rest_route=\/wp\/v2\/media\/1366"}],"wp:attachment":[{"href":"https:\/\/simeplast.pl\/index.php?rest_route=%2Fwp%2Fv2%2Fmedia&parent=821"}],"wp:term":[{"taxonomy":"product_cat","embeddable":true,"href":"https:\/\/simeplast.pl\/index.php?rest_route=%2Fwp%2Fv2%2Fproduct_cat&post=821"},{"taxonomy":"product_tag","embeddable":true,"href":"https:\/\/simeplast.pl\/index.php?rest_route=%2Fwp%2Fv2%2Fproduct_tag&post=821"}],"curies":[{"name":"wp","href":"https:\/\/api.w.org\/{rel}","templated":true}]}}