{"id":818,"date":"2018-01-13T16:55:45","date_gmt":"2018-01-13T16:55:45","guid":{"rendered":"http:\/\/simeplast.pl\/?post_type=product&#038;p=818"},"modified":"2020-12-22T11:19:40","modified_gmt":"2020-12-22T11:19:40","slug":"szpachla-dekarska","status":"publish","type":"product","link":"https:\/\/simeplast.pl\/?product=szpachla-dekarska","title":{"rendered":"Szpachla Dekarska"},"content":{"rendered":"","protected":false},"excerpt":{"rendered":"<div class=\"woocommerce-product-details__short-description\">\n<h2><strong>Masa asfaltowo-kauczukowa zbrojona w\u0142\u00f3knem <\/strong><\/h2>\n<p>Szpachla Dekarska jest plastyczn\u0105 mas\u0105 bitumiczn\u0105 w postaci pasty, wysoko modyfikowa kauczukiem syntetycznym. Zawiera w\u0142\u00f3kna zbroj\u0105ce i dodatki chemiczne umo\u017cliwiaj\u0105ce stosowanie jej na mokre pod\u0142o\u017ca, w trakcie padaj\u0105cego deszczu, przylega nawet pod wod\u0105 oraz mo\u017ce by\u0107 stosowana w styczno\u015bci ze styropianem. Pow\u0142oka powsta\u0142a ze Szpachli Dekarskiej jest wyj\u0105tkowo elastoplastyczna, zdolna do niwelowania nawet znacznych ruch\u00f3w pod\u0142o\u017ca, wodoodporna. Wykazuje odporno\u015b\u0107 na wp\u0142yw warunk\u00f3w atmosferycznych, s\u0142abych kwas\u00f3w i zasad oraz agresywnych substancji zawartych w oparach atmosferycznych ziemi.<\/p><\/div>\n","protected":false},"featured_media":1440,"template":"","meta":[],"product_cat":[23],"product_tag":[],"_links":{"self":[{"href":"https:\/\/simeplast.pl\/index.php?rest_route=\/wp\/v2\/product\/818"}],"collection":[{"href":"https:\/\/simeplast.pl\/index.php?rest_route=\/wp\/v2\/product"}],"about":[{"href":"https:\/\/simeplast.pl\/index.php?rest_route=\/wp\/v2\/types\/product"}],"wp:featuredmedia":[{"embeddable":true,"href":"https:\/\/simeplast.pl\/index.php?rest_route=\/wp\/v2\/media\/1440"}],"wp:attachment":[{"href":"https:\/\/simeplast.pl\/index.php?rest_route=%2Fwp%2Fv2%2Fmedia&parent=818"}],"wp:term":[{"taxonomy":"product_cat","embeddable":true,"href":"https:\/\/simeplast.pl\/index.php?rest_route=%2Fwp%2Fv2%2Fproduct_cat&post=818"},{"taxonomy":"product_tag","embeddable":true,"href":"https:\/\/simeplast.pl\/index.php?rest_route=%2Fwp%2Fv2%2Fproduct_tag&post=818"}],"curies":[{"name":"wp","href":"https:\/\/api.w.org\/{rel}","templated":true}]}}