{"id":800,"date":"2018-01-13T12:45:24","date_gmt":"2018-01-13T12:45:24","guid":{"rendered":"http:\/\/simeplast.pl\/?post_type=product&#038;p=800"},"modified":"2018-01-13T13:32:04","modified_gmt":"2018-01-13T13:32:04","slug":"qseal-tapes","status":"publish","type":"product","link":"https:\/\/simeplast.pl\/?product=qseal-tapes","title":{"rendered":"Qseal Tapes"},"content":{"rendered":"","protected":false},"excerpt":{"rendered":"<div class=\"woocommerce-product-details__short-description\">\n<h2><strong>Ta\u015bmy uszczelniaj\u0105ce do hydroizolacji<br \/>\n<\/strong><\/h2>\n<p>Elementy systemu Qseal Tapes (ta\u015bmy, naro\u017cniki, mankiet) wraz z foli\u0105 w p\u0142ynie Qseal lub Qseal 2K tworz\u0105 trwa\u0142e rozwi\u0105zanie uszczelniaj\u0105ce miejsca nara\u017cone na dzia\u0142anie wilgoci i wody pod p\u0142ytkami ceramicznymi w miejscach krytycznych.<\/p>\n<ul style=\"list-style-type: square;\">\n<li><strong>Qseal Tapes Wewn\u0119trzna<\/strong> No\u015bnikiem ta\u015bmy jest bia\u0142a, poprzecznie elastyczna, a\u017curowa dzianina poliestrowa (szer. 120mm) , a szczelno\u015b\u0107 zapewnia termoplastyczny elastometr (szer. 70 mm).<\/li>\n<li><strong>Qseal Tapes Zewn\u0119trzna<\/strong> Dodatkowo od wewn\u0119trznej strony pokryta jest w\u0142\u00f3knin\u0105 poliestrow\u0105 zwi\u0119kszaj\u0105c\u0105 przyczepno\u015b\u0107 i podnosz\u0105c\u0105 wytrzyma\u0142o\u015b\u0107 ta\u015bmy na dzia\u0142anie minusowych temperatur (do -30\u00b0C)<\/li>\n<li><strong>Qseal Tapes Uniwersalna<\/strong> Rdze\u0144 ta\u015bmy stanowi poprzecznie i pod\u0142u\u017cnie elastyczny elastometr,<br \/>\na przyczepno\u015b\u0107 zapewnia w\u0142\u00f3knina poliestrowa znajduj\u0105ca si\u0119 na ca\u0142ej szeroko\u015bci i d\u0142ugo\u015bci ta\u015bmy po obydwu jej stronach. Du\u017c\u0105 zalet\u0105 ta\u015bmy jest odporno\u015b\u0107 alkaliczna niezb\u0119dna w systemach z mineralnymi zaprawami uszczelniaj\u0105cymi, gdzie spoiwem jest (bardzo alkaliczny) cement daj\u0105c gwarancj\u0119 szczelno\u015bci.<\/li>\n<\/ul>\n<\/div>\n","protected":false},"featured_media":801,"template":"","meta":[],"product_cat":[23],"product_tag":[],"_links":{"self":[{"href":"https:\/\/simeplast.pl\/index.php?rest_route=\/wp\/v2\/product\/800"}],"collection":[{"href":"https:\/\/simeplast.pl\/index.php?rest_route=\/wp\/v2\/product"}],"about":[{"href":"https:\/\/simeplast.pl\/index.php?rest_route=\/wp\/v2\/types\/product"}],"wp:featuredmedia":[{"embeddable":true,"href":"https:\/\/simeplast.pl\/index.php?rest_route=\/wp\/v2\/media\/801"}],"wp:attachment":[{"href":"https:\/\/simeplast.pl\/index.php?rest_route=%2Fwp%2Fv2%2Fmedia&parent=800"}],"wp:term":[{"taxonomy":"product_cat","embeddable":true,"href":"https:\/\/simeplast.pl\/index.php?rest_route=%2Fwp%2Fv2%2Fproduct_cat&post=800"},{"taxonomy":"product_tag","embeddable":true,"href":"https:\/\/simeplast.pl\/index.php?rest_route=%2Fwp%2Fv2%2Fproduct_tag&post=800"}],"curies":[{"name":"wp","href":"https:\/\/api.w.org\/{rel}","templated":true}]}}