{"id":777,"date":"2018-01-12T20:12:17","date_gmt":"2018-01-12T20:12:17","guid":{"rendered":"http:\/\/simeplast.pl\/?post_type=product&#038;p=777"},"modified":"2025-09-04T11:21:50","modified_gmt":"2025-09-04T11:21:50","slug":"drew-fire-koncentrat","status":"publish","type":"product","link":"https:\/\/simeplast.pl\/?product=drew-fire-koncentrat","title":{"rendered":"Drew-Fire KONCENTRAT"},"content":{"rendered":"","protected":false},"excerpt":{"rendered":"<div class=\"woocommerce-product-details__short-description\">\n<h2><strong>Przeciwogniowy impregnat do drewna KONCENTRAT<br \/>\n<\/strong><\/h2>\n<p>DREW-FIRE to 4 funkcyjny impregnat przeznaczony do zabezpieczania drewna budowlanego montowanego w przestrzeniach uniemo\u017cliwiaj\u0105cych wymywanie. DREW-FIRE zabezpiecza przed dzia\u0142aniem ognia, owad\u00f3w, grzyb\u00f3w domowych (r\u00f3wnie\u017c tych powoduj\u0105cych g\u0142\u0119boki rozk\u0142ad drewna) oraz ple\u015bni. DREW-FIRE oferowany jest w formie koncentratu 1:4 i wyst\u0119puje wraz z do\u0142\u0105czonymi dwoma kolorami barwnika: zielonym i czerwonym oraz jako impregnat bezbarwny (barwnik nie ma w\u0142a\u015bciwo\u015bci impregnuj\u0105cych u\u0142atwia jedynie precyzyjne nanoszenie preparatu). Do zastosowa\u0144 przemys\u0142owych<\/p>\n<\/div>\n","protected":false},"featured_media":1674,"template":"","meta":[],"product_cat":[24],"product_tag":[],"_links":{"self":[{"href":"https:\/\/simeplast.pl\/index.php?rest_route=\/wp\/v2\/product\/777"}],"collection":[{"href":"https:\/\/simeplast.pl\/index.php?rest_route=\/wp\/v2\/product"}],"about":[{"href":"https:\/\/simeplast.pl\/index.php?rest_route=\/wp\/v2\/types\/product"}],"wp:featuredmedia":[{"embeddable":true,"href":"https:\/\/simeplast.pl\/index.php?rest_route=\/wp\/v2\/media\/1674"}],"wp:attachment":[{"href":"https:\/\/simeplast.pl\/index.php?rest_route=%2Fwp%2Fv2%2Fmedia&parent=777"}],"wp:term":[{"taxonomy":"product_cat","embeddable":true,"href":"https:\/\/simeplast.pl\/index.php?rest_route=%2Fwp%2Fv2%2Fproduct_cat&post=777"},{"taxonomy":"product_tag","embeddable":true,"href":"https:\/\/simeplast.pl\/index.php?rest_route=%2Fwp%2Fv2%2Fproduct_tag&post=777"}],"curies":[{"name":"wp","href":"https:\/\/api.w.org\/{rel}","templated":true}]}}