{"id":741,"date":"2018-01-11T20:18:18","date_gmt":"2018-01-11T20:18:18","guid":{"rendered":"http:\/\/simeplast.pl\/?post_type=product&#038;p=741"},"modified":"2018-01-11T20:23:48","modified_gmt":"2018-01-11T20:23:48","slug":"tasma-laczeniowa-q","status":"publish","type":"product","link":"https:\/\/simeplast.pl\/?product=tasma-laczeniowa-q","title":{"rendered":"TA\u015aMA \u0141\u0104CZENIOWA Q"},"content":{"rendered":"","protected":false},"excerpt":{"rendered":"<div class=\"woocommerce-product-details__short-description\">\n<p>Ta\u015bmy SimeTapes s\u0105 nowoczesnym kompozytowym produktem maj\u0105cym zastosowanie jako element \u0142\u0105czeniowy na \u0142\u0105czeniach i naro\u017cach p\u0142yt w zabudowach wn\u0119trz technologi\u0105 kartonowo &#8211; gipsow\u0105. Baz\u0105 ta\u015bm jest bia\u0142a elastyczna, bardzo odporna na zginanie i p\u0119kni\u0119cia folia z wytrzyma\u0142ego tworzywa, stanowi\u0105ca rdze\u0144 no\u015bny, a zewn\u0119trzna pow\u0142oka wykonana jest z kompozytu surowc\u00f3w bawe\u0142nianych z domieszk\u0105 surowc\u00f3w uszlachetniaj\u0105cych zapewniaj\u0105c bardzo dobr\u0105 przyczepno\u015b\u0107 do masy gipsowej. Ta\u015bmy SimeTapes s\u0105 niezwykle trwa\u0142e, dzi\u0119ki innowacyjnej budowie, ekonomiczne za spraw\u0105 nawini\u0119cia na rolk\u0119, do wykorzystania w 100%, \u0142atwe i praktyczne w u\u017cyciu &#8211; oszcz\u0119dza czas, idealnie dopasowuje si\u0119 do \u015bciany, dobrze przywiera do masy gipsowej, jednym ci\u0105giem mo\u017cna wyko\u0144czy\u0107 d\u0142ugie powierzchnie, a jej niewielka grubo\u015b\u0107 (ta\u015bma Q ~25mm) czyni j\u0105 uniwersaln\u0105 nawet w s\u0142abo dost\u0119pnych miejscach.<\/p>\n<p>&nbsp;<\/p>\n<\/div>\n","protected":false},"featured_media":744,"template":"","meta":[],"product_cat":[29],"product_tag":[],"_links":{"self":[{"href":"https:\/\/simeplast.pl\/index.php?rest_route=\/wp\/v2\/product\/741"}],"collection":[{"href":"https:\/\/simeplast.pl\/index.php?rest_route=\/wp\/v2\/product"}],"about":[{"href":"https:\/\/simeplast.pl\/index.php?rest_route=\/wp\/v2\/types\/product"}],"wp:featuredmedia":[{"embeddable":true,"href":"https:\/\/simeplast.pl\/index.php?rest_route=\/wp\/v2\/media\/744"}],"wp:attachment":[{"href":"https:\/\/simeplast.pl\/index.php?rest_route=%2Fwp%2Fv2%2Fmedia&parent=741"}],"wp:term":[{"taxonomy":"product_cat","embeddable":true,"href":"https:\/\/simeplast.pl\/index.php?rest_route=%2Fwp%2Fv2%2Fproduct_cat&post=741"},{"taxonomy":"product_tag","embeddable":true,"href":"https:\/\/simeplast.pl\/index.php?rest_route=%2Fwp%2Fv2%2Fproduct_tag&post=741"}],"curies":[{"name":"wp","href":"https:\/\/api.w.org\/{rel}","templated":true}]}}