{"id":723,"date":"2018-01-11T19:48:45","date_gmt":"2018-01-11T19:48:45","guid":{"rendered":"http:\/\/simeplast.pl\/?post_type=product&#038;p=723"},"modified":"2018-01-11T19:56:04","modified_gmt":"2018-01-11T19:56:04","slug":"tasma-dwustronna-polipropylenowa","status":"publish","type":"product","link":"https:\/\/simeplast.pl\/?product=tasma-dwustronna-polipropylenowa","title":{"rendered":"TA\u015aMA DWUSTRONNA POLIPROPYLENOWA"},"content":{"rendered":"","protected":false},"excerpt":{"rendered":"<div class=\"woocommerce-product-details__short-description\">\n<p>Ta\u015bma dwustronna (dywanowa) na no\u015bniku polipropylenowym, zabezpieczona papierem silikonowym s\u0142u\u017cy do mocowania wyk\u0142adzin, coko\u0142\u00f3w, listew itd. Produkt cechuje wysoka si\u0142a klejenia i odporno\u015b\u0107 na zrywanie. Rolka ta\u015bmy zabezpieczona jest foli\u0105 ochronn\u0105 przed przedwczesnym wysychaniem kleju.<\/p>\n<p><img loading=\"lazy\" decoding=\"async\" class=\"wp-image-717 size-full aligncenter\" src=\"https:\/\/simeplast.pl\/wp-content\/uploads\/2018\/01\/TDP.png\" alt=\"\" width=\"500\" height=\"100\" srcset=\"https:\/\/simeplast.pl\/wp-content\/uploads\/2018\/01\/TDP.png 500w, https:\/\/simeplast.pl\/wp-content\/uploads\/2018\/01\/TDP-300x60.png 300w\" sizes=\"(max-width: 500px) 100vw, 500px\" \/><\/p>\n<\/div>\n","protected":false},"featured_media":724,"template":"","meta":[],"product_cat":[29],"product_tag":[],"_links":{"self":[{"href":"https:\/\/simeplast.pl\/index.php?rest_route=\/wp\/v2\/product\/723"}],"collection":[{"href":"https:\/\/simeplast.pl\/index.php?rest_route=\/wp\/v2\/product"}],"about":[{"href":"https:\/\/simeplast.pl\/index.php?rest_route=\/wp\/v2\/types\/product"}],"wp:featuredmedia":[{"embeddable":true,"href":"https:\/\/simeplast.pl\/index.php?rest_route=\/wp\/v2\/media\/724"}],"wp:attachment":[{"href":"https:\/\/simeplast.pl\/index.php?rest_route=%2Fwp%2Fv2%2Fmedia&parent=723"}],"wp:term":[{"taxonomy":"product_cat","embeddable":true,"href":"https:\/\/simeplast.pl\/index.php?rest_route=%2Fwp%2Fv2%2Fproduct_cat&post=723"},{"taxonomy":"product_tag","embeddable":true,"href":"https:\/\/simeplast.pl\/index.php?rest_route=%2Fwp%2Fv2%2Fproduct_tag&post=723"}],"curies":[{"name":"wp","href":"https:\/\/api.w.org\/{rel}","templated":true}]}}