{"id":721,"date":"2018-01-11T19:45:12","date_gmt":"2018-01-11T19:45:12","guid":{"rendered":"http:\/\/simeplast.pl\/?post_type=product&#038;p=721"},"modified":"2019-03-24T12:24:48","modified_gmt":"2019-03-24T12:24:48","slug":"tasma-tynkarska","status":"publish","type":"product","link":"https:\/\/simeplast.pl\/?product=tasma-tynkarska","title":{"rendered":"TA\u015aMA TYNKARSKA"},"content":{"rendered":"","protected":false},"excerpt":{"rendered":"<div class=\"woocommerce-product-details__short-description\">\n<p>Najwy\u017cszej jako\u015bci ta\u015bma tynkarska jednostronnie klejowa, zbrojona siatk\u0105 o wyd\u0142u\u017conym czasie przeklejania r\u00f3wnie\u017c do nier\u00f3wnych pod\u0142o\u017cy. Ta\u015bma jest pomocna podczas prac tynkarskich i murarskich do ochrony wszelkich powierzchni przed zabrudzeniem oraz do \u201eodcinania\u201d tynku itp.. Produkt zabezpieczony jest foli\u0105 ochronn\u0105 przed przedwczesnym wysychaniem kleju.<\/p>\n<p><img loading=\"lazy\" decoding=\"async\" class=\"wp-image-719 size-full aligncenter\" src=\"https:\/\/simeplast.pl\/wp-content\/uploads\/2018\/01\/TT.png\" alt=\"\" width=\"500\" height=\"100\" srcset=\"https:\/\/simeplast.pl\/wp-content\/uploads\/2018\/01\/TT.png 500w, https:\/\/simeplast.pl\/wp-content\/uploads\/2018\/01\/TT-300x60.png 300w\" sizes=\"(max-width: 500px) 100vw, 500px\" \/><\/p>\n<\/div>\n","protected":false},"featured_media":682,"template":"","meta":[],"product_cat":[29],"product_tag":[],"_links":{"self":[{"href":"https:\/\/simeplast.pl\/index.php?rest_route=\/wp\/v2\/product\/721"}],"collection":[{"href":"https:\/\/simeplast.pl\/index.php?rest_route=\/wp\/v2\/product"}],"about":[{"href":"https:\/\/simeplast.pl\/index.php?rest_route=\/wp\/v2\/types\/product"}],"wp:featuredmedia":[{"embeddable":true,"href":"https:\/\/simeplast.pl\/index.php?rest_route=\/wp\/v2\/media\/682"}],"wp:attachment":[{"href":"https:\/\/simeplast.pl\/index.php?rest_route=%2Fwp%2Fv2%2Fmedia&parent=721"}],"wp:term":[{"taxonomy":"product_cat","embeddable":true,"href":"https:\/\/simeplast.pl\/index.php?rest_route=%2Fwp%2Fv2%2Fproduct_cat&post=721"},{"taxonomy":"product_tag","embeddable":true,"href":"https:\/\/simeplast.pl\/index.php?rest_route=%2Fwp%2Fv2%2Fproduct_tag&post=721"}],"curies":[{"name":"wp","href":"https:\/\/api.w.org\/{rel}","templated":true}]}}