{"id":712,"date":"2018-01-11T19:40:12","date_gmt":"2018-01-11T19:40:12","guid":{"rendered":"http:\/\/simeplast.pl\/?post_type=product&#038;p=712"},"modified":"2024-04-16T11:17:04","modified_gmt":"2024-04-16T11:17:04","slug":"tasma-malarska","status":"publish","type":"product","link":"https:\/\/simeplast.pl\/?product=tasma-malarska","title":{"rendered":"TA\u015aMA MALARSKA"},"content":{"rendered":"","protected":false},"excerpt":{"rendered":"<div class=\"woocommerce-product-details__short-description\">\n<p>Papierowa ta\u015bma malarska jednostronnie klejowa s\u0142u\u017cy do zabezpieczania powierzchni (o\u015bcie\u017cnice, coko\u0142y, meble, p\u0142ytki ceramiczne, trwa\u0142e wyposa\u017cenie pomieszcze\u0144, elementy dekoracji itp.) podczas malowania oraz wykonywania lekkich prac budowlanych. Produkt zabezpieczony jest foli\u0105 ochronn\u0105 przed przedwczesnym wysychaniem kleju.<\/p>\n<p><img loading=\"lazy\" decoding=\"async\" class=\"wp-image-715 size-large aligncenter\" src=\"https:\/\/simeplast.pl\/wp-content\/uploads\/2018\/01\/Ta\u015bma-malarska-W\u0142a\u015bciwo\u015bci-2-1024x206.png\" alt=\"\" width=\"640\" height=\"129\" srcset=\"https:\/\/simeplast.pl\/wp-content\/uploads\/2018\/01\/Ta\u015bma-malarska-W\u0142a\u015bciwo\u015bci-2-1024x206.png 1024w, https:\/\/simeplast.pl\/wp-content\/uploads\/2018\/01\/Ta\u015bma-malarska-W\u0142a\u015bciwo\u015bci-2-510x103.png 510w, https:\/\/simeplast.pl\/wp-content\/uploads\/2018\/01\/Ta\u015bma-malarska-W\u0142a\u015bciwo\u015bci-2-300x60.png 300w, https:\/\/simeplast.pl\/wp-content\/uploads\/2018\/01\/Ta\u015bma-malarska-W\u0142a\u015bciwo\u015bci-2-768x154.png 768w, https:\/\/simeplast.pl\/wp-content\/uploads\/2018\/01\/Ta\u015bma-malarska-W\u0142a\u015bciwo\u015bci-2.png 1184w\" sizes=\"(max-width: 640px) 100vw, 640px\" \/><\/p>\n<\/div>\n","protected":false},"featured_media":680,"template":"","meta":[],"product_cat":[29],"product_tag":[],"_links":{"self":[{"href":"https:\/\/simeplast.pl\/index.php?rest_route=\/wp\/v2\/product\/712"}],"collection":[{"href":"https:\/\/simeplast.pl\/index.php?rest_route=\/wp\/v2\/product"}],"about":[{"href":"https:\/\/simeplast.pl\/index.php?rest_route=\/wp\/v2\/types\/product"}],"wp:featuredmedia":[{"embeddable":true,"href":"https:\/\/simeplast.pl\/index.php?rest_route=\/wp\/v2\/media\/680"}],"wp:attachment":[{"href":"https:\/\/simeplast.pl\/index.php?rest_route=%2Fwp%2Fv2%2Fmedia&parent=712"}],"wp:term":[{"taxonomy":"product_cat","embeddable":true,"href":"https:\/\/simeplast.pl\/index.php?rest_route=%2Fwp%2Fv2%2Fproduct_cat&post=712"},{"taxonomy":"product_tag","embeddable":true,"href":"https:\/\/simeplast.pl\/index.php?rest_route=%2Fwp%2Fv2%2Fproduct_tag&post=712"}],"curies":[{"name":"wp","href":"https:\/\/api.w.org\/{rel}","templated":true}]}}