{"id":658,"date":"2018-01-04T13:09:09","date_gmt":"2018-01-04T13:09:09","guid":{"rendered":"http:\/\/simeplast.pl\/?post_type=product&#038;p=658"},"modified":"2023-12-04T15:03:13","modified_gmt":"2023-12-04T15:03:13","slug":"primer-popular","status":"publish","type":"product","link":"https:\/\/simeplast.pl\/?product=primer-popular","title":{"rendered":"Primer Popular"},"content":{"rendered":"","protected":false},"excerpt":{"rendered":"<div class=\"woocommerce-product-details__short-description\">\n<h2><strong>Grunt uniwersalny <\/strong><\/h2>\n<p>Primer Popular to wysokiej jako\u015bci preparat gruntuj\u0105cy, kt\u00f3rego baz\u0105 jest wodna dyspersja \u017cywicy akrylowej, modyfikowanej dodatkami uszlachetniaj\u0105cymi jego sk\u0142ad. Primer Popular jest przyjazny \u015brodowisku, ekonomiczny i \u0142atwy w u\u017cyciu, a po wyschni\u0119ciu mrozoodporny.<\/p>\n<\/div>\n","protected":false},"featured_media":645,"template":"","meta":[],"product_cat":[21],"product_tag":[],"_links":{"self":[{"href":"https:\/\/simeplast.pl\/index.php?rest_route=\/wp\/v2\/product\/658"}],"collection":[{"href":"https:\/\/simeplast.pl\/index.php?rest_route=\/wp\/v2\/product"}],"about":[{"href":"https:\/\/simeplast.pl\/index.php?rest_route=\/wp\/v2\/types\/product"}],"wp:featuredmedia":[{"embeddable":true,"href":"https:\/\/simeplast.pl\/index.php?rest_route=\/wp\/v2\/media\/645"}],"wp:attachment":[{"href":"https:\/\/simeplast.pl\/index.php?rest_route=%2Fwp%2Fv2%2Fmedia&parent=658"}],"wp:term":[{"taxonomy":"product_cat","embeddable":true,"href":"https:\/\/simeplast.pl\/index.php?rest_route=%2Fwp%2Fv2%2Fproduct_cat&post=658"},{"taxonomy":"product_tag","embeddable":true,"href":"https:\/\/simeplast.pl\/index.php?rest_route=%2Fwp%2Fv2%2Fproduct_tag&post=658"}],"curies":[{"name":"wp","href":"https:\/\/api.w.org\/{rel}","templated":true}]}}