{"id":650,"date":"2018-01-04T12:54:12","date_gmt":"2018-01-04T12:54:12","guid":{"rendered":"http:\/\/simeplast.pl\/?post_type=product&#038;p=650"},"modified":"2023-12-04T13:42:31","modified_gmt":"2023-12-04T13:42:31","slug":"primer-kontakt","status":"publish","type":"product","link":"https:\/\/simeplast.pl\/?product=primer-kontakt","title":{"rendered":"Primer Kontakt"},"content":{"rendered":"","protected":false},"excerpt":{"rendered":"<div class=\"woocommerce-product-details__short-description\">\n<h2><strong>Grunt z piaskiem kwarcowym do niech\u0142onnych pod\u0142o\u017cy &#8211; tworzy warstw\u0119 szczepn\u0105 <\/strong><\/h2>\n<h5>Primer Kontakt jest gotowym do u\u017cycia \u015brodkiem gruntuj\u0105cym wykonanym na bazie mieszaniny pochodnych kopolimer\u00f3w akrylowych, wype\u0142niacza mineralnego oraz wyselekcjonowanych \u015brodk\u00f3w modyfikuj\u0105cych, przeznaczony do gruntowania \u015bcis\u0142ych i niech\u0142onnych pod\u0142o\u017cy pod wszelkiego rodzaju prace budowlane. Primer Kontakt charakteryzuje si\u0119 bardzo du\u017c\u0105 przyczepno\u015bci\u0105 do pod\u0142o\u017cy mineralnych (beton, tynk cementowy, tynk cementowo-wapienny, lastriko), do pod\u0142o\u017cy pokrytych dobrze zwi\u0105zan\u0105 pow\u0142ok\u0105 malarsk\u0105 r\u00f3wnie\u017c na bazie tworzyw sztucznych, p\u0142yt gipsowo-kartonowych, p\u0142yt OSB i powierzchni szklistych (np. glazura) itd.\u00a0 Primer Kontakt tworzy warstw\u0119 szczepn\u0105 o du\u017cej no\u015bno\u015bci pomi\u0119dzy pod\u0142o\u017cem a wypraw\u0105 tynkarsk\u0105, klejow\u0105 lub posadzk\u0105 oraz zmniejsza ch\u0142onno\u015b\u0107 pod\u0142o\u017ca. \u015arodek jest barwiony na kolor czerwony co u\u0142atwia kontrol\u0119 r\u00f3wnomiernego rozprowadzenia go na powierzchni. Mo\u017ce by\u0107 stosowany na zewn\u0105trz i wewn\u0105trz budynku.<\/h5>\n<\/div>\n","protected":false},"featured_media":643,"template":"","meta":[],"product_cat":[21],"product_tag":[],"_links":{"self":[{"href":"https:\/\/simeplast.pl\/index.php?rest_route=\/wp\/v2\/product\/650"}],"collection":[{"href":"https:\/\/simeplast.pl\/index.php?rest_route=\/wp\/v2\/product"}],"about":[{"href":"https:\/\/simeplast.pl\/index.php?rest_route=\/wp\/v2\/types\/product"}],"wp:featuredmedia":[{"embeddable":true,"href":"https:\/\/simeplast.pl\/index.php?rest_route=\/wp\/v2\/media\/643"}],"wp:attachment":[{"href":"https:\/\/simeplast.pl\/index.php?rest_route=%2Fwp%2Fv2%2Fmedia&parent=650"}],"wp:term":[{"taxonomy":"product_cat","embeddable":true,"href":"https:\/\/simeplast.pl\/index.php?rest_route=%2Fwp%2Fv2%2Fproduct_cat&post=650"},{"taxonomy":"product_tag","embeddable":true,"href":"https:\/\/simeplast.pl\/index.php?rest_route=%2Fwp%2Fv2%2Fproduct_tag&post=650"}],"curies":[{"name":"wp","href":"https:\/\/api.w.org\/{rel}","templated":true}]}}