{"id":604,"date":"2018-01-04T08:13:26","date_gmt":"2018-01-04T08:13:26","guid":{"rendered":"http:\/\/simeplast.pl\/?post_type=product&#038;p=604"},"modified":"2023-12-04T14:39:40","modified_gmt":"2023-12-04T14:39:40","slug":"zimobet","status":"publish","type":"product","link":"https:\/\/simeplast.pl\/?product=zimobet","title":{"rendered":"Zimobet"},"content":{"rendered":"","protected":false},"excerpt":{"rendered":"<div class=\"woocommerce-product-details__short-description\">\n<h2><strong>Domieszka przeciwmrozowa do betonu i zapraw cementowych (do -12\u00b0C)<br \/>\n<\/strong><\/h2>\n<h5>ZIMOBET to domieszka bezchlorkowa, przy\u015bpieszaj\u0105ca wi\u0105zanie cementu i twardnienie betonu. Umo\u017cliwia prac\u0119 w temp. do &#8211; 6\u00b0C. Praktycznie stosowany jest nawet w temp. do -12\u00b0C przy elementach o wi\u0119kszej masie betonu i starannym okryciu natychmiast po zabetonowaniu. Jest oceniony pozytywnie w zakresie ochrony zbrojenia. ZIMOBET przy\u015bpiesza reakcj\u0119 hydratacji cementu, dzi\u0119ki czemu nast\u0119puje szybsze uwalnianie si\u0119 ciep\u0142a. W okresie powy\u017cej 28 dni obserwuje si\u0119 dodatkowy przyrost wytrzyma\u0142o\u015bci betonu lub zaprawy. Ponadto domieszka szybko uzyskuje bezpieczn\u0105 wytrzyma\u0142o\u015b\u0107, chroni\u0105c \u015bwie\u017cy beton przed zniszczeniem. ZIMOBET to roztw\u00f3r mieszaniny aminy alifatycznej i soli nieorganicznych o g\u0119sto\u015bci oko\u0142o 1,29g\/cm i pH 7\u00b11. Roztw\u00f3r ten o barwie s\u0142omkowej bardzo dobrze rozpuszcza si\u0119 w wodzie.<\/h5>\n<p class=\"alignnone size-full wp-image-317\">\n<\/div>\n","protected":false},"featured_media":598,"template":"","meta":[],"product_cat":[17],"product_tag":[],"_links":{"self":[{"href":"https:\/\/simeplast.pl\/index.php?rest_route=\/wp\/v2\/product\/604"}],"collection":[{"href":"https:\/\/simeplast.pl\/index.php?rest_route=\/wp\/v2\/product"}],"about":[{"href":"https:\/\/simeplast.pl\/index.php?rest_route=\/wp\/v2\/types\/product"}],"wp:featuredmedia":[{"embeddable":true,"href":"https:\/\/simeplast.pl\/index.php?rest_route=\/wp\/v2\/media\/598"}],"wp:attachment":[{"href":"https:\/\/simeplast.pl\/index.php?rest_route=%2Fwp%2Fv2%2Fmedia&parent=604"}],"wp:term":[{"taxonomy":"product_cat","embeddable":true,"href":"https:\/\/simeplast.pl\/index.php?rest_route=%2Fwp%2Fv2%2Fproduct_cat&post=604"},{"taxonomy":"product_tag","embeddable":true,"href":"https:\/\/simeplast.pl\/index.php?rest_route=%2Fwp%2Fv2%2Fproduct_tag&post=604"}],"curies":[{"name":"wp","href":"https:\/\/api.w.org\/{rel}","templated":true}]}}