{"id":601,"date":"2018-01-04T08:09:31","date_gmt":"2018-01-04T08:09:31","guid":{"rendered":"http:\/\/simeplast.pl\/?post_type=product&#038;p=601"},"modified":"2023-12-04T14:39:00","modified_gmt":"2023-12-04T14:39:00","slug":"qspeed","status":"publish","type":"product","link":"https:\/\/simeplast.pl\/?product=qspeed","title":{"rendered":"Qspeed"},"content":{"rendered":"","protected":false},"excerpt":{"rendered":"<div class=\"woocommerce-product-details__short-description\">\n<h2><strong>Superplastyfikator, domieszka przy\u015bpieszaj\u0105ca twardnienie<br \/>\n<\/strong><\/h2>\n<p>Qspeed jest domieszk\u0105 opart\u0105 na polikarboksylanowym eterze, efektywnym w produkcji mieszanej betonowych o wysokich wytrzyma\u0142o\u015bciach. Ze wzgl\u0119du na charakterystyczn\u0105 budow\u0119 \u0142a\u0144cucha polimerowego uzyskuje si\u0119 efekt przy\u015bpieszenia twardnienia. W sprzyjaj\u0105cych warunkach i przy zachowaniu odpowiedniego stosunku W\/C pozwala na rozformowanie szalunk\u00f3w ju\u017c po 6-8 godzinach. Domieszka nie powoduje korozji element\u00f3w metalowych oraz poprawia wodoszczelno\u015bci i odporno\u015b\u0107 na dzia\u0142anie mrozu. Efektywna dyspersja sk\u0142adnik\u00f3w mieszanki pozwala na:<\/p>\n<ul>\n<li>zmniejszenie ilo\u015bci wody zarobowej przy zachowaniu sta\u0142ej konsystencji<\/li>\n<li>zyskania wysokich wytrzyma\u0142o\u015bci wczesnych oraz ko\u0144cowych<\/li>\n<li>uzyskanie wysokiej urabialno\u015bci u\u0142atwiaj\u0105cej uk\u0142adanie, wyko\u0144czenie powierzchni oraz ich zag\u0119szczanie<\/li>\n<\/ul>\n<\/div>\n","protected":false},"featured_media":1886,"template":"","meta":[],"product_cat":[17],"product_tag":[],"_links":{"self":[{"href":"https:\/\/simeplast.pl\/index.php?rest_route=\/wp\/v2\/product\/601"}],"collection":[{"href":"https:\/\/simeplast.pl\/index.php?rest_route=\/wp\/v2\/product"}],"about":[{"href":"https:\/\/simeplast.pl\/index.php?rest_route=\/wp\/v2\/types\/product"}],"wp:featuredmedia":[{"embeddable":true,"href":"https:\/\/simeplast.pl\/index.php?rest_route=\/wp\/v2\/media\/1886"}],"wp:attachment":[{"href":"https:\/\/simeplast.pl\/index.php?rest_route=%2Fwp%2Fv2%2Fmedia&parent=601"}],"wp:term":[{"taxonomy":"product_cat","embeddable":true,"href":"https:\/\/simeplast.pl\/index.php?rest_route=%2Fwp%2Fv2%2Fproduct_cat&post=601"},{"taxonomy":"product_tag","embeddable":true,"href":"https:\/\/simeplast.pl\/index.php?rest_route=%2Fwp%2Fv2%2Fproduct_tag&post=601"}],"curies":[{"name":"wp","href":"https:\/\/api.w.org\/{rel}","templated":true}]}}