{"id":592,"date":"2018-01-04T08:03:27","date_gmt":"2018-01-04T08:03:27","guid":{"rendered":"http:\/\/simeplast.pl\/?post_type=product&#038;p=592"},"modified":"2023-12-04T14:34:23","modified_gmt":"2023-12-04T14:34:23","slug":"qpolar-b","status":"publish","type":"product","link":"https:\/\/simeplast.pl\/?product=qpolar-b","title":{"rendered":"Qpolar W"},"content":{"rendered":"","protected":false},"excerpt":{"rendered":"<div class=\"woocommerce-product-details__short-description\">\n<h2><strong>Przeciwmrozowy plastyfikator do betonu (do -15\u00b0C) <\/strong><\/h2>\n<p>Qpolar W jest wysoko wydajn\u0105 domieszk\u0105 uplastyczniaj\u0105c\u0105 zapewniaj\u0105c\u0105 lepsz\u0105 urabialno\u015b\u0107 mieszanki betonowej. Dodatkowo wykorzystanie przyspieszacza wi\u0105zania zwi\u0119ksza przyrost wczesnych wytrzyma\u0142o\u015bci, u\u0142atwiaj\u0105c prac\u0119 w warunkach obni\u017conych temperatur do -15\u00b0C pod warunkiem zachowania wymaga\u0144 piel\u0119gnacyjnych zawartych w PN-EN 13670. Qpolar W nie powoduje korozji stali.<\/p>\n<p>Wykorzystanie domieszki Qpolar W pozwala na produkcj\u0119 mieszanek betonowych o:<\/p>\n<ul style=\"list-style-type: disc;\">\n<li>podwy\u017cszonej konsystencji przy zachowaniu sta\u0142ej ilo\u015bci wody<\/li>\n<li>wy\u017cszej urabialno\u015bci u\u0142atwiaj\u0105cej jej pompowanie, uk\u0142adanie, zag\u0119szczanie oraz wyko\u0144czenie powierzchni<\/li>\n<li>mniejszej ilo\u015bci wody zarobowej, z zachowaniem sta\u0142ej konsystencji, co zwi\u0119ksza g\u0119sto\u015b\u0107 betonu oraz skuteczno\u015b\u0107 reakcji cementu z wod\u0105, podnosz\u0105c parametry betonu takie jak wytrzyma\u0142o\u015b\u0107, szczelno\u015b\u0107, trwa\u0142o\u015b\u0107 oraz obni\u017caj\u0105c nasi\u0105kliwo\u015b\u0107 i skurcz<\/li>\n<li>szybkim przyro\u015bcie wytrzyma\u0142o\u015b\u0107 w warunkach niskich temperatur<\/li>\n<li>wysokich wytrzyma\u0142o\u015bciach wczesnych oraz ko\u0144cowych<\/li>\n<\/ul>\n<p class=\"alignnone size-full wp-image-317\">\n<\/div>\n","protected":false},"featured_media":1343,"template":"","meta":[],"product_cat":[17],"product_tag":[],"_links":{"self":[{"href":"https:\/\/simeplast.pl\/index.php?rest_route=\/wp\/v2\/product\/592"}],"collection":[{"href":"https:\/\/simeplast.pl\/index.php?rest_route=\/wp\/v2\/product"}],"about":[{"href":"https:\/\/simeplast.pl\/index.php?rest_route=\/wp\/v2\/types\/product"}],"wp:featuredmedia":[{"embeddable":true,"href":"https:\/\/simeplast.pl\/index.php?rest_route=\/wp\/v2\/media\/1343"}],"wp:attachment":[{"href":"https:\/\/simeplast.pl\/index.php?rest_route=%2Fwp%2Fv2%2Fmedia&parent=592"}],"wp:term":[{"taxonomy":"product_cat","embeddable":true,"href":"https:\/\/simeplast.pl\/index.php?rest_route=%2Fwp%2Fv2%2Fproduct_cat&post=592"},{"taxonomy":"product_tag","embeddable":true,"href":"https:\/\/simeplast.pl\/index.php?rest_route=%2Fwp%2Fv2%2Fproduct_tag&post=592"}],"curies":[{"name":"wp","href":"https:\/\/api.w.org\/{rel}","templated":true}]}}