{"id":326,"date":"2017-12-21T09:32:23","date_gmt":"2017-12-21T09:32:23","guid":{"rendered":"http:\/\/simeplast.pl\/?post_type=product&#038;p=326"},"modified":"2023-10-24T12:01:44","modified_gmt":"2023-10-24T12:01:44","slug":"qmix-dh","status":"publish","type":"product","link":"https:\/\/simeplast.pl\/?product=qmix-dh","title":{"rendered":"Qmix DH"},"content":{"rendered":"","protected":false},"excerpt":{"rendered":"<div class=\"woocommerce-product-details__short-description\">\n<p><strong>Plastyfikator do zapraw murarskich i tynkarskich w proszku<\/strong><\/p>\n<p style=\"text-align: justify;\">Qmix DH jest domieszk\u0105 przeznaczon\u0105 do poprawienia w\u0142a\u015bciwo\u015bci roboczych cementowych zapraw muraskich i tynkarskich. Plastyfikator Qmix znacznie redukuje ilo\u015b\u0107 wody zarobowej dodawanej do mieszanki jednocze\u015bnie poprawiaj\u0105c jej urabialno\u015b\u0107, zwi\u0119ksza napowietrzenie \u015bwie\u017cej zaprawy, a podczas twardnienia zapobiega powstawaniu rys skurczowych. Zaprawa z dodatkiem Qmix DH d\u0142u\u017cej zachowuje plastyczno\u015b\u0107, nie sp\u0142ywa, lepiej penetruje, powoduje \u017ce na powierzchni tynku nie ma zaciek\u00f3w i wykwit\u00f3w, po stwardnieniu zwi\u0119ksza wodoszczelno\u015b\u0107 i odporno\u015b\u0107 na mr\u00f3z oraz pozwala na prowadzenie rob\u00f3t w warunkach obni\u017conych temperatur do -2\u00b0C.<\/p>\n<\/div>\n","protected":false},"featured_media":332,"template":"","meta":[],"product_cat":[16],"product_tag":[],"_links":{"self":[{"href":"https:\/\/simeplast.pl\/index.php?rest_route=\/wp\/v2\/product\/326"}],"collection":[{"href":"https:\/\/simeplast.pl\/index.php?rest_route=\/wp\/v2\/product"}],"about":[{"href":"https:\/\/simeplast.pl\/index.php?rest_route=\/wp\/v2\/types\/product"}],"wp:featuredmedia":[{"embeddable":true,"href":"https:\/\/simeplast.pl\/index.php?rest_route=\/wp\/v2\/media\/332"}],"wp:attachment":[{"href":"https:\/\/simeplast.pl\/index.php?rest_route=%2Fwp%2Fv2%2Fmedia&parent=326"}],"wp:term":[{"taxonomy":"product_cat","embeddable":true,"href":"https:\/\/simeplast.pl\/index.php?rest_route=%2Fwp%2Fv2%2Fproduct_cat&post=326"},{"taxonomy":"product_tag","embeddable":true,"href":"https:\/\/simeplast.pl\/index.php?rest_route=%2Fwp%2Fv2%2Fproduct_tag&post=326"}],"curies":[{"name":"wp","href":"https:\/\/api.w.org\/{rel}","templated":true}]}}