{"id":2118,"date":"2024-04-16T13:38:08","date_gmt":"2024-04-16T13:38:08","guid":{"rendered":"http:\/\/simeplast.pl\/?post_type=product&#038;p=2118"},"modified":"2024-04-16T13:39:52","modified_gmt":"2024-04-16T13:39:52","slug":"tasma-okienna-std-cieply-montaz-zewnetrzna","status":"publish","type":"product","link":"https:\/\/simeplast.pl\/?product=tasma-okienna-std-cieply-montaz-zewnetrzna","title":{"rendered":"Ta\u015bma okienna STD &#8222;ciep\u0142y monta\u017c&#8221; &#8211; zewn\u0119trzna"},"content":{"rendered":"","protected":false},"excerpt":{"rendered":"<p>Paroprzepuszczalna, rozci\u0105gliwa i elastyczna ta\u015bma PE laminowana obustronnie w\u0142\u00f3knin\u0105 polipropylenow\u0105 \u2013 zabezpiecza warstw\u0119 izolacji w z\u0142\u0105czu okiennym. Umo\u017cliwia dyfuzj\u0119 pary wodnej od wewn\u0105trz z\u0142\u0105cza okiennego i zabezpiecza przed wnikaniem wilgoci od zewn\u0105trz. Wewn\u0119trzna strona ta\u015bmy pokryta jest ca\u0142kowicie klejem o doskona\u0142ej przyczepno\u015bci do wi\u0119kszo\u015bci materia\u0142\u00f3w budowlanych, co przy wyklejaniu o\u015bcie\u017cy i dalszej obr\u00f3bce tynkarskiej eliminuje powstawanie p\u0119cherzy powietrza pod ta\u015bm\u0105. Wzmocniona wewn\u0119trznym zbrojeniem siatkowym warstwa kleju jest odporna na niskie temperatury (do -12\u00b0C). Dodatkowy pasek klej\u0105cy na drugiej stronie ta\u015bmy umo\u017cliwia wygodne przymocowanie do kraw\u0119dzi ramy okiennej lub futryny drzwiowej.<\/p>\n","protected":false},"featured_media":2119,"template":"","meta":[],"product_cat":[29],"product_tag":[],"_links":{"self":[{"href":"https:\/\/simeplast.pl\/index.php?rest_route=\/wp\/v2\/product\/2118"}],"collection":[{"href":"https:\/\/simeplast.pl\/index.php?rest_route=\/wp\/v2\/product"}],"about":[{"href":"https:\/\/simeplast.pl\/index.php?rest_route=\/wp\/v2\/types\/product"}],"wp:featuredmedia":[{"embeddable":true,"href":"https:\/\/simeplast.pl\/index.php?rest_route=\/wp\/v2\/media\/2119"}],"wp:attachment":[{"href":"https:\/\/simeplast.pl\/index.php?rest_route=%2Fwp%2Fv2%2Fmedia&parent=2118"}],"wp:term":[{"taxonomy":"product_cat","embeddable":true,"href":"https:\/\/simeplast.pl\/index.php?rest_route=%2Fwp%2Fv2%2Fproduct_cat&post=2118"},{"taxonomy":"product_tag","embeddable":true,"href":"https:\/\/simeplast.pl\/index.php?rest_route=%2Fwp%2Fv2%2Fproduct_tag&post=2118"}],"curies":[{"name":"wp","href":"https:\/\/api.w.org\/{rel}","templated":true}]}}