{"id":2106,"date":"2024-04-16T11:15:11","date_gmt":"2024-04-16T11:15:11","guid":{"rendered":"http:\/\/simeplast.pl\/?post_type=product&#038;p=2106"},"modified":"2024-04-16T11:44:46","modified_gmt":"2024-04-16T11:44:46","slug":"fibatape-classic","status":"publish","type":"product","link":"https:\/\/simeplast.pl\/?product=fibatape-classic","title":{"rendered":"FibaTape Classic"},"content":{"rendered":"","protected":false},"excerpt":{"rendered":"<p>Ta\u015bma siateczkowa wykonana jest z w\u0142\u00f3kna szklanego pokrytego klejem i s\u0142u\u017cy do wzmacniania \u0142\u0105czenia p\u0142yt kartonowo-gipsowych przed p\u0119kni\u0119ciami. Ta\u015bma odporna jest na rozerwania, dzia\u0142anie wilgoci i klej\u00f3w.<\/p>\n","protected":false},"featured_media":2111,"template":"","meta":[],"product_cat":[29],"product_tag":[],"_links":{"self":[{"href":"https:\/\/simeplast.pl\/index.php?rest_route=\/wp\/v2\/product\/2106"}],"collection":[{"href":"https:\/\/simeplast.pl\/index.php?rest_route=\/wp\/v2\/product"}],"about":[{"href":"https:\/\/simeplast.pl\/index.php?rest_route=\/wp\/v2\/types\/product"}],"wp:featuredmedia":[{"embeddable":true,"href":"https:\/\/simeplast.pl\/index.php?rest_route=\/wp\/v2\/media\/2111"}],"wp:attachment":[{"href":"https:\/\/simeplast.pl\/index.php?rest_route=%2Fwp%2Fv2%2Fmedia&parent=2106"}],"wp:term":[{"taxonomy":"product_cat","embeddable":true,"href":"https:\/\/simeplast.pl\/index.php?rest_route=%2Fwp%2Fv2%2Fproduct_cat&post=2106"},{"taxonomy":"product_tag","embeddable":true,"href":"https:\/\/simeplast.pl\/index.php?rest_route=%2Fwp%2Fv2%2Fproduct_tag&post=2106"}],"curies":[{"name":"wp","href":"https:\/\/api.w.org\/{rel}","templated":true}]}}