{"id":2097,"date":"2024-04-16T08:39:45","date_gmt":"2024-04-16T08:39:45","guid":{"rendered":"http:\/\/simeplast.pl\/?post_type=product&#038;p=2097"},"modified":"2024-04-16T10:33:50","modified_gmt":"2024-04-16T10:33:50","slug":"tasma-naprawcza-duck-tape","status":"publish","type":"product","link":"https:\/\/simeplast.pl\/?product=tasma-naprawcza-duck-tape","title":{"rendered":"Ta\u015bma naprawcza DUCK TAPE"},"content":{"rendered":"","protected":false},"excerpt":{"rendered":"<p>Najwy\u017cszej jako\u015bci ta\u015bma naprawcza jednostronnie klejowa, zbrojona siatk\u0105 o wzmocnionej sile klejenia r\u00f3wnie\u017c do nier\u00f3wnych pod\u0142o\u017cy. Ta\u015bma jest pomocna podczas wszelkich prac monta\u017cowych, majsterkowaniu, uszczelnianiu itp.. Produkt zabezpieczony jest foli\u0105 chroni\u0105c\u0105 przed przedwczesnym wysychaniem kleju.<\/p>\n","protected":false},"featured_media":2099,"template":"","meta":[],"product_cat":[29],"product_tag":[],"_links":{"self":[{"href":"https:\/\/simeplast.pl\/index.php?rest_route=\/wp\/v2\/product\/2097"}],"collection":[{"href":"https:\/\/simeplast.pl\/index.php?rest_route=\/wp\/v2\/product"}],"about":[{"href":"https:\/\/simeplast.pl\/index.php?rest_route=\/wp\/v2\/types\/product"}],"wp:featuredmedia":[{"embeddable":true,"href":"https:\/\/simeplast.pl\/index.php?rest_route=\/wp\/v2\/media\/2099"}],"wp:attachment":[{"href":"https:\/\/simeplast.pl\/index.php?rest_route=%2Fwp%2Fv2%2Fmedia&parent=2097"}],"wp:term":[{"taxonomy":"product_cat","embeddable":true,"href":"https:\/\/simeplast.pl\/index.php?rest_route=%2Fwp%2Fv2%2Fproduct_cat&post=2097"},{"taxonomy":"product_tag","embeddable":true,"href":"https:\/\/simeplast.pl\/index.php?rest_route=%2Fwp%2Fv2%2Fproduct_tag&post=2097"}],"curies":[{"name":"wp","href":"https:\/\/api.w.org\/{rel}","templated":true}]}}