{"id":2079,"date":"2024-04-03T12:40:09","date_gmt":"2024-04-03T12:40:09","guid":{"rendered":"http:\/\/simeplast.pl\/?post_type=product&#038;p=2079"},"modified":"2024-04-16T10:34:01","modified_gmt":"2024-04-16T10:34:01","slug":"tasma-zabezpieczajaca-zewnetrzna-pe","status":"publish","type":"product","link":"https:\/\/simeplast.pl\/?product=tasma-zabezpieczajaca-zewnetrzna-pe","title":{"rendered":"Ta\u015bma zabezpieczaj\u0105ca zewn\u0119trzna PE"},"content":{"rendered":"","protected":false},"excerpt":{"rendered":"<p>Ta\u015bma zabezpieczaj\u0105ca PE jednostronnie klejowa, o wyd\u0142u\u017conym czasie przeklejania do zewn\u0119trznych pod\u0142o\u017cy PCV, metali, aluminium itd. Ta\u015bma jest pomocna podczas prac tynkarskich i murarskich do ochrony wszelkich powierzchni przed zabrudzeniem. Produkt zabezpieczony jest foli\u0105 chroni\u0105c\u0105 przed przedwczesnym wysychaniem kleju.<\/p>\n","protected":false},"featured_media":2080,"template":"","meta":[],"product_cat":[29],"product_tag":[],"_links":{"self":[{"href":"https:\/\/simeplast.pl\/index.php?rest_route=\/wp\/v2\/product\/2079"}],"collection":[{"href":"https:\/\/simeplast.pl\/index.php?rest_route=\/wp\/v2\/product"}],"about":[{"href":"https:\/\/simeplast.pl\/index.php?rest_route=\/wp\/v2\/types\/product"}],"wp:featuredmedia":[{"embeddable":true,"href":"https:\/\/simeplast.pl\/index.php?rest_route=\/wp\/v2\/media\/2080"}],"wp:attachment":[{"href":"https:\/\/simeplast.pl\/index.php?rest_route=%2Fwp%2Fv2%2Fmedia&parent=2079"}],"wp:term":[{"taxonomy":"product_cat","embeddable":true,"href":"https:\/\/simeplast.pl\/index.php?rest_route=%2Fwp%2Fv2%2Fproduct_cat&post=2079"},{"taxonomy":"product_tag","embeddable":true,"href":"https:\/\/simeplast.pl\/index.php?rest_route=%2Fwp%2Fv2%2Fproduct_tag&post=2079"}],"curies":[{"name":"wp","href":"https:\/\/api.w.org\/{rel}","templated":true}]}}