{"id":2074,"date":"2024-04-03T10:15:59","date_gmt":"2024-04-03T10:15:59","guid":{"rendered":"http:\/\/simeplast.pl\/?post_type=product&#038;p=2074"},"modified":"2024-06-25T18:21:14","modified_gmt":"2024-06-25T18:21:14","slug":"tasma-maskujaca-premium","status":"publish","type":"product","link":"https:\/\/simeplast.pl\/?product=tasma-maskujaca-premium","title":{"rendered":"Ta\u015bma maskuj\u0105ca &#8211; premium"},"content":{"rendered":"","protected":false},"excerpt":{"rendered":"<p>Najwy\u017cszej jako\u015bci papierowa ta\u015bma maskuj\u0105ca, jednostronnie klejowa o wyd\u0142u\u017conym czasie przeklejania. Ta\u015bma jest pomocna podczas prac malarskich i tynkarskich do ochrony wszelkich powierzchni przed zabrudzeniem oraz do \u201eodcinania\u201d kolor\u00f3w farby. Produkt zabezpieczony jest foli\u0105 chroni\u0105c\u0105 przed przedwczesnym wysychaniem kleju.<\/p>\n","protected":false},"featured_media":2078,"template":"","meta":[],"product_cat":[29],"product_tag":[],"_links":{"self":[{"href":"https:\/\/simeplast.pl\/index.php?rest_route=\/wp\/v2\/product\/2074"}],"collection":[{"href":"https:\/\/simeplast.pl\/index.php?rest_route=\/wp\/v2\/product"}],"about":[{"href":"https:\/\/simeplast.pl\/index.php?rest_route=\/wp\/v2\/types\/product"}],"wp:featuredmedia":[{"embeddable":true,"href":"https:\/\/simeplast.pl\/index.php?rest_route=\/wp\/v2\/media\/2078"}],"wp:attachment":[{"href":"https:\/\/simeplast.pl\/index.php?rest_route=%2Fwp%2Fv2%2Fmedia&parent=2074"}],"wp:term":[{"taxonomy":"product_cat","embeddable":true,"href":"https:\/\/simeplast.pl\/index.php?rest_route=%2Fwp%2Fv2%2Fproduct_cat&post=2074"},{"taxonomy":"product_tag","embeddable":true,"href":"https:\/\/simeplast.pl\/index.php?rest_route=%2Fwp%2Fv2%2Fproduct_tag&post=2074"}],"curies":[{"name":"wp","href":"https:\/\/api.w.org\/{rel}","templated":true}]}}