{"id":1612,"date":"2020-06-03T17:54:46","date_gmt":"2020-06-03T17:54:46","guid":{"rendered":"http:\/\/simeplast.pl\/?post_type=product&#038;p=1612"},"modified":"2025-09-04T11:11:00","modified_gmt":"2025-09-04T11:11:00","slug":"preparat-grzybobojczy","status":"publish","type":"product","link":"https:\/\/simeplast.pl\/?product=preparat-grzybobojczy","title":{"rendered":"Preparat grzybob\u00f3jczy"},"content":{"rendered":"","protected":false},"excerpt":{"rendered":"<div class=\"woocommerce-product-details__short-description\">\n<p>Produkt o dzia\u0142aniu grzybob\u00f3jczym, stosowany w celu konserwacji i ochrony wyrob\u00f3w kamieniarskich, konstrukcji murowych lub materia\u0142\u00f3w budowlanych innych ni\u017c drewno, np. powierzchnie mur\u00f3w, elewacje budynk\u00f3w, w tym systemy ocieple\u0144, tynki, beton, wapienie, kamienie, itp. materia\u0142y.<br \/>\nPrzeznaczenie: u\u017cytek powszechny<\/p>\n<\/div>\n","protected":false},"featured_media":1611,"template":"","meta":[],"product_cat":[19],"product_tag":[],"_links":{"self":[{"href":"https:\/\/simeplast.pl\/index.php?rest_route=\/wp\/v2\/product\/1612"}],"collection":[{"href":"https:\/\/simeplast.pl\/index.php?rest_route=\/wp\/v2\/product"}],"about":[{"href":"https:\/\/simeplast.pl\/index.php?rest_route=\/wp\/v2\/types\/product"}],"wp:featuredmedia":[{"embeddable":true,"href":"https:\/\/simeplast.pl\/index.php?rest_route=\/wp\/v2\/media\/1611"}],"wp:attachment":[{"href":"https:\/\/simeplast.pl\/index.php?rest_route=%2Fwp%2Fv2%2Fmedia&parent=1612"}],"wp:term":[{"taxonomy":"product_cat","embeddable":true,"href":"https:\/\/simeplast.pl\/index.php?rest_route=%2Fwp%2Fv2%2Fproduct_cat&post=1612"},{"taxonomy":"product_tag","embeddable":true,"href":"https:\/\/simeplast.pl\/index.php?rest_route=%2Fwp%2Fv2%2Fproduct_tag&post=1612"}],"curies":[{"name":"wp","href":"https:\/\/api.w.org\/{rel}","templated":true}]}}