{"id":1577,"date":"2019-12-15T16:33:46","date_gmt":"2019-12-15T16:33:46","guid":{"rendered":"http:\/\/simeplast.pl\/?post_type=product&#038;p=1577"},"modified":"2023-10-24T12:40:56","modified_gmt":"2023-10-24T12:40:56","slug":"izolacja-pionowa-fundamentowa-kubelkowa","status":"publish","type":"product","link":"https:\/\/simeplast.pl\/?product=izolacja-pionowa-fundamentowa-kubelkowa","title":{"rendered":"Izolacja pionowa fundamentowa \/ kube\u0142kowa"},"content":{"rendered":"","protected":false},"excerpt":{"rendered":"<p>Produkt wykonany jest polietyleny wysokiej g\u0119sto\u015bci (LDPE). Dzi\u0119ki zastosowaniu wyt\u0142ocze\u0144 zostaje uzyskana szczelina powietrzna pomi\u0119dzy konstrukcj\u0105 budynku a izolacj\u0105 termiczn\u0105. Szczelina ta zapewnia doskona\u0142e odprowadzenie wody i pary wodnej zapobiegaj\u0105c nadmiernemu zawilgoceniu i tworzeniu si\u0119 ci\u015bnienia hydrostatycznego w obszarach budynku nara\u017conych na podmakanie. Wyt\u0142oczenia dodatkowo uniemo\u017cliwiaj\u0105 przesuwanie si\u0119 izolacji na skutek osiadania zasypywanej ziemi. Wysoka odporno\u015b\u0107 na nacisk, rozrywanie, \u0142amanie, \u015bcieranie oraz dziurawienie.<\/p>\n","protected":false},"featured_media":1864,"template":"","meta":[],"product_cat":[28],"product_tag":[],"_links":{"self":[{"href":"https:\/\/simeplast.pl\/index.php?rest_route=\/wp\/v2\/product\/1577"}],"collection":[{"href":"https:\/\/simeplast.pl\/index.php?rest_route=\/wp\/v2\/product"}],"about":[{"href":"https:\/\/simeplast.pl\/index.php?rest_route=\/wp\/v2\/types\/product"}],"wp:featuredmedia":[{"embeddable":true,"href":"https:\/\/simeplast.pl\/index.php?rest_route=\/wp\/v2\/media\/1864"}],"wp:attachment":[{"href":"https:\/\/simeplast.pl\/index.php?rest_route=%2Fwp%2Fv2%2Fmedia&parent=1577"}],"wp:term":[{"taxonomy":"product_cat","embeddable":true,"href":"https:\/\/simeplast.pl\/index.php?rest_route=%2Fwp%2Fv2%2Fproduct_cat&post=1577"},{"taxonomy":"product_tag","embeddable":true,"href":"https:\/\/simeplast.pl\/index.php?rest_route=%2Fwp%2Fv2%2Fproduct_tag&post=1577"}],"curies":[{"name":"wp","href":"https:\/\/api.w.org\/{rel}","templated":true}]}}