{"id":1568,"date":"2019-12-15T15:16:39","date_gmt":"2019-12-15T15:16:39","guid":{"rendered":"http:\/\/simeplast.pl\/?post_type=product&#038;p=1568"},"modified":"2023-10-24T11:30:29","modified_gmt":"2023-10-24T11:30:29","slug":"top-155-2","status":"publish","type":"product","link":"https:\/\/simeplast.pl\/?product=top-155-2","title":{"rendered":"Top 155"},"content":{"rendered":"","protected":false},"excerpt":{"rendered":"<h2>Membrana dachowaTOP PL-155<\/h2>\n<p>Paroprzepuszczalna membrana dachowa z polipropylenow\u0105 warstw\u0105 ochronna z obu stron do nieci\u0105g\u0142ych pokry\u0107 dachowych. U\u017cywana jako pomocnicza warstwa chroni\u0105ca przed wilgoci\u0105 (przenikaniem p\u0142ynnych substancji, wiatru, \u015bniegu) i wiatrem, w konstrukcjach dach\u00f3w spadzistych.<\/p>\n","protected":false},"featured_media":1536,"template":"","meta":[],"product_cat":[48],"product_tag":[],"_links":{"self":[{"href":"https:\/\/simeplast.pl\/index.php?rest_route=\/wp\/v2\/product\/1568"}],"collection":[{"href":"https:\/\/simeplast.pl\/index.php?rest_route=\/wp\/v2\/product"}],"about":[{"href":"https:\/\/simeplast.pl\/index.php?rest_route=\/wp\/v2\/types\/product"}],"wp:featuredmedia":[{"embeddable":true,"href":"https:\/\/simeplast.pl\/index.php?rest_route=\/wp\/v2\/media\/1536"}],"wp:attachment":[{"href":"https:\/\/simeplast.pl\/index.php?rest_route=%2Fwp%2Fv2%2Fmedia&parent=1568"}],"wp:term":[{"taxonomy":"product_cat","embeddable":true,"href":"https:\/\/simeplast.pl\/index.php?rest_route=%2Fwp%2Fv2%2Fproduct_cat&post=1568"},{"taxonomy":"product_tag","embeddable":true,"href":"https:\/\/simeplast.pl\/index.php?rest_route=%2Fwp%2Fv2%2Fproduct_tag&post=1568"}],"curies":[{"name":"wp","href":"https:\/\/api.w.org\/{rel}","templated":true}]}}