{"id":1301,"date":"2019-10-12T12:21:12","date_gmt":"2019-10-12T12:21:12","guid":{"rendered":"http:\/\/simeplast.pl\/?post_type=product&#038;p=1301"},"modified":"2023-10-24T13:57:35","modified_gmt":"2023-10-24T13:57:35","slug":"qmix-dh-winter","status":"publish","type":"product","link":"https:\/\/simeplast.pl\/?product=qmix-dh-winter","title":{"rendered":"Qmix DH Winter"},"content":{"rendered":"","protected":false},"excerpt":{"rendered":"<div class=\"woocommerce-product-details__short-description\">\n<h2><strong>Zimowy plastyfikator do zapraw cementowych<br \/>\n<\/strong><\/h2>\n<p style=\"text-align: justify;\">Qmix DH WINTER stanowi zaawansowan\u0105 mieszank\u0119 plastyfikator\u00f3w napowietrzaj\u0105cych i przyspieszaj\u0105cych, przeznaczon\u0105 do ochrony \u015bwie\u017co po\u0142o\u017conej zaprawy w temperaturach do \u20138<sup>o<\/sup>C. Qmix DH WINTER zwi\u0119ksza r\u00f3wnie\u017c trwa\u0142o\u015b\u0107 mieszanek utrwalaj\u0105cych, do kt\u00f3rych jest dodawany.<\/p>\n<p style=\"text-align: justify;\">Qmix DH WINTER wprowadza do zapraw cementowych mikroskopijne p\u0119cherzyki powietrza w spos\u00f3b kontrolowany, zgodnie z norm\u0105 EN934-3.<br \/>\nNapowietrzane mieszanki maj\u0105 znacznie wi\u0119ksz\u0105 urabialno\u015b\u0107, dzi\u0119ki czemu wymagaj\u0105 znacznie mniejszej ilo\u015bci wody potrzebnej do wytworzenia jednorodnej masy zaprawy.<\/p>\n<p style=\"text-align: justify;\">Uwaga: Ochron\u0119 w niskich temperaturach uzyskuje si\u0119 w zale\u017cno\u015bci od tego, czy uda\u0142o si\u0119 zredukowa\u0107 do minimum ilo\u015b\u0107 wody dodawanej do mieszanki. Zwi\u0119kszona odporno\u015b\u0107 na mr\u00f3z zar\u00f3wno \u015bwie\u017co po\u0142o\u017conej jaki i zastyg\u0142ej zaprawy, kt\u00f3ra dotyczy r\u00f3wnie\u017c plastyfikator\u00f3w napowietrzaj\u0105cych, okaza\u0142a si\u0119 szczeg\u00f3lnie trwa\u0142a podczas przeprowadzania test\u00f3w przyspieszaj\u0105cych.<\/p>\n<p style=\"text-align: justify;\">Zalety:<\/p>\n<ul style=\"list-style-type: disc;\">\n<li style=\"text-align: justify;\">Zwi\u0119ksza odporno\u015b\u0107 na mr\u00f3z podczas zastygania<\/li>\n<li style=\"text-align: justify;\">Nie powoduje korozji element\u00f3w metalowych<\/li>\n<li style=\"text-align: justify;\">Zwi\u0119ksza urabialno\u015b\u0107 w niskich temperaturach<\/li>\n<li style=\"text-align: justify;\">Nie zawiera chloru(zawarto\u015b\u0107 jon\u00f3w chloru&lt;0.1%)<\/li>\n<li style=\"text-align: justify;\">Redukuje wyp\u0142yw wody i rozwarstwianie sk\u0142adnik\u00f3w<\/li>\n<li style=\"text-align: justify;\">Zmniejsza mo\u017cliwo\u015b\u0107 wyst\u0105pienia wykwit\u00f3w wapiennych i osadu<\/li>\n<li style=\"text-align: justify;\">Ogranicza proces utraty obj\u0119to\u015bci (p\u0119kni\u0119cia i wykruszenia)<\/li>\n<li style=\"text-align: justify;\">Wzmacnia si\u0142\u0119 wi\u0105zania zaprawy<\/li>\n<li style=\"text-align: justify;\">Zwi\u0119ksza si\u0142\u0119 wi\u0105zania na wczesnym etapie prac<\/li>\n<\/ul>\n<\/div>\n","protected":false},"featured_media":1296,"template":"","meta":[],"product_cat":[16],"product_tag":[],"_links":{"self":[{"href":"https:\/\/simeplast.pl\/index.php?rest_route=\/wp\/v2\/product\/1301"}],"collection":[{"href":"https:\/\/simeplast.pl\/index.php?rest_route=\/wp\/v2\/product"}],"about":[{"href":"https:\/\/simeplast.pl\/index.php?rest_route=\/wp\/v2\/types\/product"}],"wp:featuredmedia":[{"embeddable":true,"href":"https:\/\/simeplast.pl\/index.php?rest_route=\/wp\/v2\/media\/1296"}],"wp:attachment":[{"href":"https:\/\/simeplast.pl\/index.php?rest_route=%2Fwp%2Fv2%2Fmedia&parent=1301"}],"wp:term":[{"taxonomy":"product_cat","embeddable":true,"href":"https:\/\/simeplast.pl\/index.php?rest_route=%2Fwp%2Fv2%2Fproduct_cat&post=1301"},{"taxonomy":"product_tag","embeddable":true,"href":"https:\/\/simeplast.pl\/index.php?rest_route=%2Fwp%2Fv2%2Fproduct_tag&post=1301"}],"curies":[{"name":"wp","href":"https:\/\/api.w.org\/{rel}","templated":true}]}}