{"id":1273,"date":"2019-09-08T08:35:15","date_gmt":"2019-09-08T08:35:15","guid":{"rendered":"http:\/\/simeplast.pl\/?post_type=product&#038;p=1273"},"modified":"2019-11-30T17:42:59","modified_gmt":"2019-11-30T17:42:59","slug":"qfibre-makro-40","status":"publish","type":"product","link":"https:\/\/simeplast.pl\/?product=qfibre-makro-40","title":{"rendered":"Qfibre Makro 40"},"content":{"rendered":"","protected":false},"excerpt":{"rendered":"<div class=\"woocommerce-product-details__short-description\">\n<h2><strong>Polipropylenowe makrow\u0142\u00f3kna, zbrojenie rozproszone <\/strong><\/h2>\n<p>Polimerowe makrow\u0142\u00f3kna konstrukcyjne klasy II zgodne z PN-EN 14889-2 przeznaczone do wykorzystania w betonie jako zbrojenie rozproszone mog\u0105ce zast\u0119powa\u0107 siatki zbrojeniowe lub rozproszone zbrojenie stalowe. Ich falisty kszta\u0142t poprawia przyczepno\u015b\u0107 w\u0142\u00f3kien do matrycy betonowej. W przeciwie\u0144stwie do zbrojenia z siatek stalowych lub rozproszonego w\u0142\u00f3kna stalowego, w\u0142\u00f3kna Qfibre Makro 40 maj\u0105 wysok\u0105 odporno\u015b\u0107 chemiczn\u0105, dzi\u0119ki czemu mog\u0105 by\u0107 wykorzystywane do zbrojenia element\u00f3w betonowych wystawionych na agresywne oddzia\u0142ywanie korozyjne (posadzki w warsztatach, myjniach samochodowych, magazynach) i\/lub bezpo\u015brednie oddzia\u0142ywanie warunk\u00f3w atmosferycznych (opady deszczu, \u015bniegu, naprzemienne zamarzanie i odmarzanie betonu w obecno\u015bci soli odladzaj\u0105cych). Zalety Zalety i korzy\u015bci:<\/p>\n<ul style=\"list-style-type: square;\">\n<li>zwi\u0119kszaj\u0105 wytrzyma\u0142o\u015b\u0107 na rozci\u0105ganie i zginanie betonu, podnosz\u0105 sztywno\u015b\u0107 element\u00f3w betonowych oraz ich wytrzyma\u0142o\u015b\u0107 i odporno\u015b\u0107 na uszkodzenia mechaniczne<\/li>\n<li>mog\u0105 by\u0107 wykorzystane jako rozproszone zbrojenie konstrukcyjne w miejsce siatek zbrojeniowych lub rozproszonego zbrojenia z w\u0142\u00f3kien stalowych<\/li>\n<li>zmniejszaj\u0105 ryzyko powstawania p\u0119kni\u0119\u0107 poprzez ograniczenia odkszta\u0142ce\u0144 na skutek skurczu wysychania, gradientu temperatur i obci\u0105\u017ce\u0144 mechanicznych<\/li>\n<li>poprawiaj\u0105 przenoszenie napr\u0119\u017ce\u0144 rozci\u0105gaj\u0105cych oraz mostkowanie rys w betonie, ograniczaj\u0105 wielko\u015b\u0107 skurczu wysychania<\/li>\n<li>zmniejszaj\u0105 zu\u017cycie element\u00f3w metalowych i gumowych betoniarek, mieszalnik\u00f3w, betonowoz\u00f3w, ruroci\u0105g\u00f3w pomp i miksokret\u00f3w (w przeciwie\u0144stwie do w\u0142\u00f3kien stalowych)<\/li>\n<li>nie powoduj\u0105 zak\u0142\u00f3ce\u0144 magnetycznych, dzi\u0119ki temu znajduj\u0105 zastosowania do wykonania posadzek w pomieszczeniach z urz\u0105dzeniami elektronicznymi (np. w szpitalach lub magazynach z automatycznymi systemami sk\u0142adowania towar\u00f3w)<\/li>\n<li>posiadaj\u0105 wysok\u0105 odporno\u015b\u0107 chemiczn\u0105, s\u0105 odporne na oddzia\u0142ywanie kwa\u015bnego i silnie zasadowego \u015brodowiska, korozj\u0119 wywo\u0142an\u0105 chlorkami, siarczanami i ple\u015bni\u0105, nie koroduj\u0105<\/li>\n<li>zapobiegaj\u0105 powstawaniu \u201eje\u017cy\u201d i u\u0142atwiaj\u0105 powstanie jednorodnej, homogenicznej masy betonowej z r\u00f3wnomiernie rozmieszczonymi w\u0142\u00f3knami<\/li>\n<\/ul>\n<\/div>\n","protected":false},"featured_media":1270,"template":"","meta":[],"product_cat":[18],"product_tag":[],"_links":{"self":[{"href":"https:\/\/simeplast.pl\/index.php?rest_route=\/wp\/v2\/product\/1273"}],"collection":[{"href":"https:\/\/simeplast.pl\/index.php?rest_route=\/wp\/v2\/product"}],"about":[{"href":"https:\/\/simeplast.pl\/index.php?rest_route=\/wp\/v2\/types\/product"}],"wp:featuredmedia":[{"embeddable":true,"href":"https:\/\/simeplast.pl\/index.php?rest_route=\/wp\/v2\/media\/1270"}],"wp:attachment":[{"href":"https:\/\/simeplast.pl\/index.php?rest_route=%2Fwp%2Fv2%2Fmedia&parent=1273"}],"wp:term":[{"taxonomy":"product_cat","embeddable":true,"href":"https:\/\/simeplast.pl\/index.php?rest_route=%2Fwp%2Fv2%2Fproduct_cat&post=1273"},{"taxonomy":"product_tag","embeddable":true,"href":"https:\/\/simeplast.pl\/index.php?rest_route=%2Fwp%2Fv2%2Fproduct_tag&post=1273"}],"curies":[{"name":"wp","href":"https:\/\/api.w.org\/{rel}","templated":true}]}}