{"id":1214,"date":"2019-02-20T19:48:25","date_gmt":"2019-02-20T19:48:25","guid":{"rendered":"http:\/\/simeplast.pl\/?post_type=product&#038;p=1214"},"modified":"2019-02-21T20:16:37","modified_gmt":"2019-02-21T20:16:37","slug":"listwa-przyokienna","status":"publish","type":"product","link":"https:\/\/simeplast.pl\/?product=listwa-przyokienna","title":{"rendered":"listwa przyokienna"},"content":{"rendered":"","protected":false},"excerpt":{"rendered":"<div class=\"woocommerce-product-details__short-description\">Listwy przyokienne \/ dylatacyjne s\u0142u\u017c\u0105 do skutecznego, trwa\u0142ego i estetycznego wyka\u0144czania po\u0142\u0105cze\u0144 pomi\u0119dzy o\u015bcie\u017cnic\u0105 a tynkiem gipsowym lub cementowo wapiennym.<br \/>\nProdukt wykonany jest z najwy\u017cszej jako\u015bci surowca PVC, odpornego na promieniowanie UV, wilgo\u0107 oraz dzia\u0142anie chemii budowlanej co zapewnia trwa\u0142o\u015b\u0107 i stabilno\u015b\u0107 wymiar\u00f3w w trakcie eksploatacji.<br \/>\nListwa wyposa\u017cona jest piank\u0119 dylatacyjn\u0105 PE zapewniaj\u0105c elastyczno\u015b\u0107.<br \/>\nUszczelka chroni przed wnikaniem zanieczyszcze\u0144 i wody oraz zapobiega powstawaniu widocznych szczelin i rys.<br \/>\nElement tracony znacznie u\u0142atwia i skraca czas pracy oraz chroni przed pojawieniem si\u0119 problematycznych zabrudze\u0144.<\/p>\n<p class=\"alignnone size-full wp-image-317\">\n<\/div>\n","protected":false},"featured_media":1215,"template":"","meta":[],"product_cat":[30,47],"product_tag":[],"_links":{"self":[{"href":"https:\/\/simeplast.pl\/index.php?rest_route=\/wp\/v2\/product\/1214"}],"collection":[{"href":"https:\/\/simeplast.pl\/index.php?rest_route=\/wp\/v2\/product"}],"about":[{"href":"https:\/\/simeplast.pl\/index.php?rest_route=\/wp\/v2\/types\/product"}],"wp:featuredmedia":[{"embeddable":true,"href":"https:\/\/simeplast.pl\/index.php?rest_route=\/wp\/v2\/media\/1215"}],"wp:attachment":[{"href":"https:\/\/simeplast.pl\/index.php?rest_route=%2Fwp%2Fv2%2Fmedia&parent=1214"}],"wp:term":[{"taxonomy":"product_cat","embeddable":true,"href":"https:\/\/simeplast.pl\/index.php?rest_route=%2Fwp%2Fv2%2Fproduct_cat&post=1214"},{"taxonomy":"product_tag","embeddable":true,"href":"https:\/\/simeplast.pl\/index.php?rest_route=%2Fwp%2Fv2%2Fproduct_tag&post=1214"}],"curies":[{"name":"wp","href":"https:\/\/api.w.org\/{rel}","templated":true}]}}