{"id":1191,"date":"2019-02-17T17:00:53","date_gmt":"2019-02-17T17:00:53","guid":{"rendered":"http:\/\/simeplast.pl\/?post_type=product&#038;p=1191"},"modified":"2019-07-29T18:00:32","modified_gmt":"2019-07-29T18:00:32","slug":"listwa-okapnikowa","status":"publish","type":"product","link":"https:\/\/simeplast.pl\/?product=listwa-okapnikowa","title":{"rendered":"Naro\u017cnik okapnikowy \/ kapinos"},"content":{"rendered":"","protected":false},"excerpt":{"rendered":"<div class=\"woocommerce-product-details__short-description\">\n<p>Listwa okapnikowa \/ kapinos wykonana jest z PCV i zapewnia prawid\u0142owe odprowadzenie wody sp\u0142ywaj\u0105cej po pionowych powierzchniach: elewacji, oraz poziomych: balkony, tarasy itp.\u00a0 zabezpieczaj\u0105c przed podciekaniem, dzi\u0119ki czemu eliminuj\u0105 ryzyko niszczenia i odpadania tynku oraz uodparniaj\u0105 na uszkodzenia mechaniczne.<\/p>\n<p class=\"alignnone size-full wp-image-317\">\n<\/div>\n","protected":false},"featured_media":1059,"template":"","meta":[],"product_cat":[31],"product_tag":[],"_links":{"self":[{"href":"https:\/\/simeplast.pl\/index.php?rest_route=\/wp\/v2\/product\/1191"}],"collection":[{"href":"https:\/\/simeplast.pl\/index.php?rest_route=\/wp\/v2\/product"}],"about":[{"href":"https:\/\/simeplast.pl\/index.php?rest_route=\/wp\/v2\/types\/product"}],"wp:featuredmedia":[{"embeddable":true,"href":"https:\/\/simeplast.pl\/index.php?rest_route=\/wp\/v2\/media\/1059"}],"wp:attachment":[{"href":"https:\/\/simeplast.pl\/index.php?rest_route=%2Fwp%2Fv2%2Fmedia&parent=1191"}],"wp:term":[{"taxonomy":"product_cat","embeddable":true,"href":"https:\/\/simeplast.pl\/index.php?rest_route=%2Fwp%2Fv2%2Fproduct_cat&post=1191"},{"taxonomy":"product_tag","embeddable":true,"href":"https:\/\/simeplast.pl\/index.php?rest_route=%2Fwp%2Fv2%2Fproduct_tag&post=1191"}],"curies":[{"name":"wp","href":"https:\/\/api.w.org\/{rel}","templated":true}]}}