{"id":1183,"date":"2019-02-17T16:39:16","date_gmt":"2019-02-17T16:39:16","guid":{"rendered":"http:\/\/simeplast.pl\/?post_type=product&#038;p=1183"},"modified":"2019-02-17T16:59:33","modified_gmt":"2019-02-17T16:59:33","slug":"listwa-startowa-profil-cokolowy","status":"publish","type":"product","link":"https:\/\/simeplast.pl\/?product=listwa-startowa-profil-cokolowy","title":{"rendered":"Listwa startowa \/ Profil coko\u0142owy"},"content":{"rendered":"","protected":false},"excerpt":{"rendered":"<div class=\"woocommerce-product-details__short-description\">\n<p>Listwa startowa \/ profil coko\u0142owy wykonany jest z blachy aluminiowej i jest stosowany jako element pocz\u0105tkowy podczas wykonywania izolacji cieplnej.<br \/>\nProdukt chroni przed przedostawaniem si\u0119 gryzoni pod ocieplenie oraz zabezpiecza kraw\u0119dzie i u\u0142atwia utrzymanie prostej, poziomej linii elewacji.<\/p>\n<\/div>\n","protected":false},"featured_media":1184,"template":"","meta":[],"product_cat":[31],"product_tag":[],"_links":{"self":[{"href":"https:\/\/simeplast.pl\/index.php?rest_route=\/wp\/v2\/product\/1183"}],"collection":[{"href":"https:\/\/simeplast.pl\/index.php?rest_route=\/wp\/v2\/product"}],"about":[{"href":"https:\/\/simeplast.pl\/index.php?rest_route=\/wp\/v2\/types\/product"}],"wp:featuredmedia":[{"embeddable":true,"href":"https:\/\/simeplast.pl\/index.php?rest_route=\/wp\/v2\/media\/1184"}],"wp:attachment":[{"href":"https:\/\/simeplast.pl\/index.php?rest_route=%2Fwp%2Fv2%2Fmedia&parent=1183"}],"wp:term":[{"taxonomy":"product_cat","embeddable":true,"href":"https:\/\/simeplast.pl\/index.php?rest_route=%2Fwp%2Fv2%2Fproduct_cat&post=1183"},{"taxonomy":"product_tag","embeddable":true,"href":"https:\/\/simeplast.pl\/index.php?rest_route=%2Fwp%2Fv2%2Fproduct_tag&post=1183"}],"curies":[{"name":"wp","href":"https:\/\/api.w.org\/{rel}","templated":true}]}}