{"id":1181,"date":"2019-02-17T16:32:19","date_gmt":"2019-02-17T16:32:19","guid":{"rendered":"http:\/\/simeplast.pl\/?post_type=product&#038;p=1181"},"modified":"2019-02-17T16:38:24","modified_gmt":"2019-02-17T16:38:24","slug":"listwa-dylatacyjna","status":"publish","type":"product","link":"https:\/\/simeplast.pl\/?product=listwa-dylatacyjna","title":{"rendered":"Listwa dylatacyjna"},"content":{"rendered":"","protected":false},"excerpt":{"rendered":"<div class=\"woocommerce-product-details__short-description\">\n<p>Listwa \/ profil dylatacyjny z siatk\u0105 znajduje zastosowanie w miejscach po\u0142\u0105cze\u0144 elewacji r\u00f3wnoleg\u0142ych i prostopad\u0142ych.<br \/>\nWype\u0142nia szczelin\u0119 dylatacyjn\u0105 chroni\u0105c przed dostaniem si\u0119 wody i zanieczyszcze\u0144 pod elewacj\u0119 jednocze\u015bnie, chroni\u0105c j\u0105 i jednocze\u015bnie zapewnia r\u00f3wne i proste jej wyko\u0144czenie.<\/p>\n<\/div>\n","protected":false},"featured_media":1180,"template":"","meta":[],"product_cat":[31],"product_tag":[],"_links":{"self":[{"href":"https:\/\/simeplast.pl\/index.php?rest_route=\/wp\/v2\/product\/1181"}],"collection":[{"href":"https:\/\/simeplast.pl\/index.php?rest_route=\/wp\/v2\/product"}],"about":[{"href":"https:\/\/simeplast.pl\/index.php?rest_route=\/wp\/v2\/types\/product"}],"wp:featuredmedia":[{"embeddable":true,"href":"https:\/\/simeplast.pl\/index.php?rest_route=\/wp\/v2\/media\/1180"}],"wp:attachment":[{"href":"https:\/\/simeplast.pl\/index.php?rest_route=%2Fwp%2Fv2%2Fmedia&parent=1181"}],"wp:term":[{"taxonomy":"product_cat","embeddable":true,"href":"https:\/\/simeplast.pl\/index.php?rest_route=%2Fwp%2Fv2%2Fproduct_cat&post=1181"},{"taxonomy":"product_tag","embeddable":true,"href":"https:\/\/simeplast.pl\/index.php?rest_route=%2Fwp%2Fv2%2Fproduct_tag&post=1181"}],"curies":[{"name":"wp","href":"https:\/\/api.w.org\/{rel}","templated":true}]}}