{"id":1176,"date":"2019-02-17T16:21:27","date_gmt":"2019-02-17T16:21:27","guid":{"rendered":"http:\/\/simeplast.pl\/?post_type=product&#038;p=1176"},"modified":"2019-02-17T16:30:31","modified_gmt":"2019-02-17T16:30:31","slug":"listwa-bonia","status":"publish","type":"product","link":"https:\/\/simeplast.pl\/?product=listwa-bonia","title":{"rendered":"Listwa bonia"},"content":{"rendered":"","protected":false},"excerpt":{"rendered":"<div class=\"woocommerce-product-details__short-description\">Listwa bonia stosowana jest w systemach ocieple\u0144 jako element ozdobny, gwarantuj\u0105c uzyskanie prostych kraw\u0119dzi boni.<br \/>\nProdukt wyst\u0119puje w wersji z siatk\u0105 z siatk\u0105 z w\u0142\u00f3kna szklanego i bez oraz wyposa\u017cony jest w z foli\u0105 ochronn\u0105 zakrywaj\u0105c widoczne miejsce przed zabrudzeniem podczas prac budowlanych.<\/div>\n","protected":false},"featured_media":1178,"template":"","meta":[],"product_cat":[31],"product_tag":[],"_links":{"self":[{"href":"https:\/\/simeplast.pl\/index.php?rest_route=\/wp\/v2\/product\/1176"}],"collection":[{"href":"https:\/\/simeplast.pl\/index.php?rest_route=\/wp\/v2\/product"}],"about":[{"href":"https:\/\/simeplast.pl\/index.php?rest_route=\/wp\/v2\/types\/product"}],"wp:featuredmedia":[{"embeddable":true,"href":"https:\/\/simeplast.pl\/index.php?rest_route=\/wp\/v2\/media\/1178"}],"wp:attachment":[{"href":"https:\/\/simeplast.pl\/index.php?rest_route=%2Fwp%2Fv2%2Fmedia&parent=1176"}],"wp:term":[{"taxonomy":"product_cat","embeddable":true,"href":"https:\/\/simeplast.pl\/index.php?rest_route=%2Fwp%2Fv2%2Fproduct_cat&post=1176"},{"taxonomy":"product_tag","embeddable":true,"href":"https:\/\/simeplast.pl\/index.php?rest_route=%2Fwp%2Fv2%2Fproduct_tag&post=1176"}],"curies":[{"name":"wp","href":"https:\/\/api.w.org\/{rel}","templated":true}]}}