{"id":1168,"date":"2019-02-17T15:50:00","date_gmt":"2019-02-17T15:50:00","guid":{"rendered":"http:\/\/simeplast.pl\/?post_type=product&#038;p=1168"},"modified":"2019-02-21T19:44:18","modified_gmt":"2019-02-21T19:44:18","slug":"listwa-przyokienna-z-siatka-2","status":"publish","type":"product","link":"https:\/\/simeplast.pl\/?product=listwa-przyokienna-z-siatka-2","title":{"rendered":"listwa przyokienna z siatk\u0105"},"content":{"rendered":"","protected":false},"excerpt":{"rendered":"<div class=\"woocommerce-product-details__short-description\">Listwy przyokienne \/ dylatacyjne z siatk\u0105 z w\u0142\u00f3kna szklanego s\u0142u\u017c\u0105 do skutecznego, trwa\u0142ego i estetycznego wyka\u0144czania po\u0142\u0105cze\u0144 pomi\u0119dzy o\u015bcie\u017cnic\u0105 a systemem izolacji termicznej.<br \/>\nProdukt wykonany jest z najwy\u017cszej jako\u015bci surowca PVC, odpornego na promieniowanie UV, wilgo\u0107 oraz dzia\u0142anie chemii budowlanej co zapewnia trwa\u0142o\u015b\u0107 i stabilno\u015bc wymiar\u00f3w w trakcie eksploatacji.<br \/>\nListwa wyposa\u017cona jest piank\u0119 dylatacyjn\u0105 PE zapewniaj\u0105c elastyczno\u015b\u0107.<br \/>\nUszczelka chroni przed wnikaniem zanieczyszcze\u0144 i wody oraz zapobiega powstawaniu widocznych szczelin i rys.<br \/>\nElement tracony znacznie u\u0142atwia i skraca czas pracy oraz chroni przed pojawieniem si\u0119 problematycznych zabrudze\u0144.<br \/>\nPo\u0142\u0105czenie listwy z siatk\u0105 za pomoc\u0105 szycia zapewnia znacznie trwalsze po\u0142\u0105czenie ni\u017c dotychczas stosowana metoda klejenia.<\/p>\n<p class=\"alignnone size-full wp-image-317\">\n<\/div>\n","protected":false},"featured_media":1171,"template":"","meta":[],"product_cat":[31],"product_tag":[],"_links":{"self":[{"href":"https:\/\/simeplast.pl\/index.php?rest_route=\/wp\/v2\/product\/1168"}],"collection":[{"href":"https:\/\/simeplast.pl\/index.php?rest_route=\/wp\/v2\/product"}],"about":[{"href":"https:\/\/simeplast.pl\/index.php?rest_route=\/wp\/v2\/types\/product"}],"wp:featuredmedia":[{"embeddable":true,"href":"https:\/\/simeplast.pl\/index.php?rest_route=\/wp\/v2\/media\/1171"}],"wp:attachment":[{"href":"https:\/\/simeplast.pl\/index.php?rest_route=%2Fwp%2Fv2%2Fmedia&parent=1168"}],"wp:term":[{"taxonomy":"product_cat","embeddable":true,"href":"https:\/\/simeplast.pl\/index.php?rest_route=%2Fwp%2Fv2%2Fproduct_cat&post=1168"},{"taxonomy":"product_tag","embeddable":true,"href":"https:\/\/simeplast.pl\/index.php?rest_route=%2Fwp%2Fv2%2Fproduct_tag&post=1168"}],"curies":[{"name":"wp","href":"https:\/\/api.w.org\/{rel}","templated":true}]}}