{"id":1112,"date":"2018-12-23T17:08:41","date_gmt":"2018-12-23T17:08:41","guid":{"rendered":"http:\/\/simeplast.pl\/?post_type=product&#038;p=1112"},"modified":"2019-02-03T16:22:34","modified_gmt":"2019-02-03T16:22:34","slug":"naroznik-mokry-tynk-2","status":"publish","type":"product","link":"https:\/\/simeplast.pl\/?product=naroznik-mokry-tynk-2","title":{"rendered":"Naro\u017cnik &#8222;mokry tynk&#8221;"},"content":{"rendered":"","protected":false},"excerpt":{"rendered":"<div class=\"woocommerce-product-details__short-description\">\n<p class=\"opis\">Naro\u017cniki s\u0142u\u017c\u0105 do zabezpieczenia i wyko\u0144czenia naro\u017cy \u015bcian przy wykonywaniu mokrych tynk\u00f3w.<\/p>\n<p>Naro\u017cniki ocynkowane przeznaczone s\u0105 do stosowania przy wykonywaniu tynk\u00f3w cementowych i cementowo wapiennych.<br \/>\nProdukt nie mo\u017ce by\u0107 stosowana w \u015brodowiskach o podwy\u017cszonej wilgotno\u015bci i kwasowo\u015bci (np. tynki gipsowe)<\/p>\n<p>Do tynk\u00f3w gipsowych oraz przy stosowaniu w miejscach o du\u017cej wilgotno\u015bci zaleca si\u0119 stosowanie naro\u017cnika aluminiowego.<\/p>\n<p class=\"alignnone size-full wp-image-317\">\n<\/div>\n","protected":false},"featured_media":1113,"template":"","meta":[],"product_cat":[47],"product_tag":[],"_links":{"self":[{"href":"https:\/\/simeplast.pl\/index.php?rest_route=\/wp\/v2\/product\/1112"}],"collection":[{"href":"https:\/\/simeplast.pl\/index.php?rest_route=\/wp\/v2\/product"}],"about":[{"href":"https:\/\/simeplast.pl\/index.php?rest_route=\/wp\/v2\/types\/product"}],"wp:featuredmedia":[{"embeddable":true,"href":"https:\/\/simeplast.pl\/index.php?rest_route=\/wp\/v2\/media\/1113"}],"wp:attachment":[{"href":"https:\/\/simeplast.pl\/index.php?rest_route=%2Fwp%2Fv2%2Fmedia&parent=1112"}],"wp:term":[{"taxonomy":"product_cat","embeddable":true,"href":"https:\/\/simeplast.pl\/index.php?rest_route=%2Fwp%2Fv2%2Fproduct_cat&post=1112"},{"taxonomy":"product_tag","embeddable":true,"href":"https:\/\/simeplast.pl\/index.php?rest_route=%2Fwp%2Fv2%2Fproduct_tag&post=1112"}],"curies":[{"name":"wp","href":"https:\/\/api.w.org\/{rel}","templated":true}]}}